{"id":168,"date":"2019-08-14T18:29:22","date_gmt":"2019-08-14T21:29:22","guid":{"rendered":"http:\/\/teste.lorando.com.br\/ensaiofotografico\/?page_id=168"},"modified":"2020-09-03T23:57:36","modified_gmt":"2020-09-04T02:57:36","slug":"copyright","status":"publish","type":"page","link":"https:\/\/lorando.com.br\/ensaiofotografico\/copyright\/","title":{"rendered":"Copyright"},"content":{"rendered":"\n<p class=\"has-medium-font-size\"><br><strong>Copyright \u00a9 2008- Lorando Labbe. Todos os Direitos Reservados<\/strong><\/p>\n\n\n\n<div class=\"wp-block-image\"><figure class=\"alignleft size-large is-resized\"><img decoding=\"async\" data-src=\"http:\/\/teste.lorando.com.br\/ensaiofotografico\/wp-content\/uploads\/sites\/3\/2019\/12\/lorando-labbe-copyright.jpg\" alt=\"\" class=\"wp-image-8 lazyload\" width=\"242\" height=\"129\" data-srcset=\"https:\/\/lorando.com.br\/ensaiofotografico\/wp-content\/uploads\/sites\/3\/2019\/12\/lorando-labbe-copyright.jpg 1024w, https:\/\/lorando.com.br\/ensaiofotografico\/wp-content\/uploads\/sites\/3\/2019\/12\/lorando-labbe-copyright-300x160.jpg 300w, https:\/\/lorando.com.br\/ensaiofotografico\/wp-content\/uploads\/sites\/3\/2019\/12\/lorando-labbe-copyright-768x410.jpg 768w\" data-sizes=\"(max-width: 242px) 100vw, 242px\" src=\"data:image\/gif;base64,R0lGODlhAQABAAAAACH5BAEKAAEALAAAAAABAAEAAAICTAEAOw==\" style=\"--smush-placeholder-width: 242px; --smush-placeholder-aspect-ratio: 242\/129;\" \/><\/figure><\/div>\n\n\n\n<p>Todos os textos, imagens, gr\u00e1ficos, anima\u00e7\u00f5es, v\u00eddeos e outros materiais  s\u00e3o protegidos por direitos autorais e outros direitos de propriedade  intelectual pertencentes \u00e0 <strong>Lorando Labbe<\/strong> conforme <strong>Lei No. 9.610<\/strong>, de 19 de Fevereiro de 1998. <\/p>\n\n\n\n<p>\u00c9 expressamente vedada a c\u00f3pia ou reprodu\u00e7\u00e3o destes materiais para uso  ou distribui\u00e7\u00e3o comercial, a modifica\u00e7\u00e3o destes materiais, sua inclus\u00e3o  em outros websites e o seu envio e publica\u00e7\u00e3o em outros meios digitais e  f\u00edsicos, ou de qualquer outra forma dispor de tais materiais sem a  devida autoriza\u00e7\u00e3o pr\u00e9via do autor, estando sujeito \u00e0s responsabilidades e san\u00e7\u00f5es  legais.  <\/p>\n","protected":false},"excerpt":{"rendered":"<p>Copyright \u00a9 2008- Lorando Labbe. Todos os Direitos Reservados Todos os textos, imagens, gr\u00e1ficos, anima\u00e7\u00f5es, v\u00eddeos e outros materiais s\u00e3o protegidos por direitos autorais e outros direitos de propriedade intelectual&hellip;<\/p>\n<p> <a class=\"more-link\" href=\"https:\/\/lorando.com.br\/ensaiofotografico\/copyright\/\">Leia mais<\/a><\/p>\n","protected":false},"author":1,"featured_media":169,"parent":0,"menu_order":0,"comment_status":"closed","ping_status":"closed","template":"","meta":{"_monsterinsights_skip_tracking":false,"_monsterinsights_sitenote_active":false,"_monsterinsights_sitenote_note":"","_monsterinsights_sitenote_category":0,"footnotes":""},"class_list":["post-168","page","type-page","status-publish","has-post-thumbnail"],"yoast_head":"<!-- This site is optimized with the Yoast SEO plugin v25.3 - https:\/\/yoast.com\/wordpress\/plugins\/seo\/ -->\n<title>Copyright - Ensaio Fotogr\u00e1fico - Lorando Labbe<\/title>\n<meta name=\"robots\" content=\"index, follow, max-snippet:-1, max-image-preview:large, max-video-preview:-1\" \/>\n<link rel=\"canonical\" href=\"https:\/\/lorando.com.br\/ensaiofotografico\/copyright\/\" \/>\n<meta property=\"og:locale\" content=\"pt_BR\" \/>\n<meta property=\"og:type\" content=\"article\" \/>\n<meta property=\"og:title\" content=\"Copyright - Ensaio Fotogr\u00e1fico - Lorando Labbe\" \/>\n<meta property=\"og:description\" content=\"Copyright \u00a9 2008- Lorando Labbe. Todos os Direitos Reservados Todos os textos, imagens, gr\u00e1ficos, anima\u00e7\u00f5es, v\u00eddeos e outros materiais s\u00e3o protegidos por direitos autorais e outros direitos de propriedade intelectual&hellip;  Leia mais\" \/>\n<meta property=\"og:url\" content=\"https:\/\/lorando.com.br\/ensaiofotografico\/copyright\/\" \/>\n<meta property=\"og:site_name\" content=\"Ensaio Fotogr\u00e1fico - Lorando Labbe\" \/>\n<meta property=\"article:publisher\" content=\"https:\/\/www.facebook.com\/lorandoensaios\" \/>\n<meta property=\"article:modified_time\" content=\"2020-09-04T02:57:36+00:00\" \/>\n<meta property=\"og:image\" content=\"https:\/\/lorando.com.br\/ensaiofotografico\/wp-content\/uploads\/sites\/3\/2019\/12\/Ensaio-Fotografico-Feminino-cover.jpg\" \/>\n\t<meta property=\"og:image:width\" content=\"1200\" \/>\n\t<meta property=\"og:image:height\" content=\"800\" \/>\n\t<meta property=\"og:image:type\" content=\"image\/jpeg\" \/>\n<meta name=\"twitter:card\" content=\"summary_large_image\" \/>\n<meta name=\"twitter:label1\" content=\"Est. tempo de leitura\" \/>\n\t<meta name=\"twitter:data1\" content=\"1 minuto\" \/>\n<script type=\"application\/ld+json\" class=\"yoast-schema-graph\">{\"@context\":\"https:\/\/schema.org\",\"@graph\":[{\"@type\":\"WebPage\",\"@id\":\"https:\/\/lorando.com.br\/ensaiofotografico\/copyright\/\",\"url\":\"https:\/\/lorando.com.br\/ensaiofotografico\/copyright\/\",\"name\":\"Copyright - Ensaio Fotogr\u00e1fico - Lorando Labbe\",\"isPartOf\":{\"@id\":\"http:\/\/lorando.com.br\/ensaiofotografico\/#website\"},\"primaryImageOfPage\":{\"@id\":\"https:\/\/lorando.com.br\/ensaiofotografico\/copyright\/#primaryimage\"},\"image\":{\"@id\":\"https:\/\/lorando.com.br\/ensaiofotografico\/copyright\/#primaryimage\"},\"thumbnailUrl\":\"\",\"datePublished\":\"2019-08-14T21:29:22+00:00\",\"dateModified\":\"2020-09-04T02:57:36+00:00\",\"breadcrumb\":{\"@id\":\"https:\/\/lorando.com.br\/ensaiofotografico\/copyright\/#breadcrumb\"},\"inLanguage\":\"pt-BR\",\"potentialAction\":[{\"@type\":\"ReadAction\",\"target\":[\"https:\/\/lorando.com.br\/ensaiofotografico\/copyright\/\"]}]},{\"@type\":\"ImageObject\",\"inLanguage\":\"pt-BR\",\"@id\":\"https:\/\/lorando.com.br\/ensaiofotografico\/copyright\/#primaryimage\",\"url\":\"\",\"contentUrl\":\"\"},{\"@type\":\"BreadcrumbList\",\"@id\":\"https:\/\/lorando.com.br\/ensaiofotografico\/copyright\/#breadcrumb\",\"itemListElement\":[{\"@type\":\"ListItem\",\"position\":1,\"name\":\"In\u00edcio\",\"item\":\"http:\/\/lorando.com.br\/ensaiofotografico\/\"},{\"@type\":\"ListItem\",\"position\":2,\"name\":\"Copyright\"}]},{\"@type\":\"WebSite\",\"@id\":\"http:\/\/lorando.com.br\/ensaiofotografico\/#website\",\"url\":\"http:\/\/lorando.com.br\/ensaiofotografico\/\",\"name\":\"Ensaio Fotogr\u00e1fico - Lorando Labbe\",\"description\":\"Website com ensaios do fot\u00f3grafo carioca Lorando Labbe\",\"publisher\":{\"@id\":\"http:\/\/lorando.com.br\/ensaiofotografico\/#organization\"},\"potentialAction\":[{\"@type\":\"SearchAction\",\"target\":{\"@type\":\"EntryPoint\",\"urlTemplate\":\"http:\/\/lorando.com.br\/ensaiofotografico\/?s={search_term_string}\"},\"query-input\":{\"@type\":\"PropertyValueSpecification\",\"valueRequired\":true,\"valueName\":\"search_term_string\"}}],\"inLanguage\":\"pt-BR\"},{\"@type\":\"Organization\",\"@id\":\"http:\/\/lorando.com.br\/ensaiofotografico\/#organization\",\"name\":\"Ensaio Fotogr\u00e1fico - Lorando Labbe\",\"url\":\"http:\/\/lorando.com.br\/ensaiofotografico\/\",\"logo\":{\"@type\":\"ImageObject\",\"inLanguage\":\"pt-BR\",\"@id\":\"http:\/\/lorando.com.br\/ensaiofotografico\/#\/schema\/logo\/image\/\",\"url\":\"https:\/\/lorando.com.br\/ensaiofotografico\/wp-content\/uploads\/sites\/3\/2020\/08\/cropped-Logo-Site-Retangular-02.png\",\"contentUrl\":\"https:\/\/lorando.com.br\/ensaiofotografico\/wp-content\/uploads\/sites\/3\/2020\/08\/cropped-Logo-Site-Retangular-02.png\",\"width\":1140,\"height\":423,\"caption\":\"Ensaio Fotogr\u00e1fico - Lorando Labbe\"},\"image\":{\"@id\":\"http:\/\/lorando.com.br\/ensaiofotografico\/#\/schema\/logo\/image\/\"},\"sameAs\":[\"https:\/\/www.facebook.com\/lorandoensaios\",\"https:\/\/www.instagram.com\/lorando.labbe\/\"]}]}<\/script>\n<!-- \/ Yoast SEO plugin. -->","yoast_head_json":{"title":"Copyright - Ensaio Fotogr\u00e1fico - Lorando Labbe","robots":{"index":"index","follow":"follow","max-snippet":"max-snippet:-1","max-image-preview":"max-image-preview:large","max-video-preview":"max-video-preview:-1"},"canonical":"https:\/\/lorando.com.br\/ensaiofotografico\/copyright\/","og_locale":"pt_BR","og_type":"article","og_title":"Copyright - Ensaio Fotogr\u00e1fico - Lorando Labbe","og_description":"Copyright \u00a9 2008- Lorando Labbe. Todos os Direitos Reservados Todos os textos, imagens, gr\u00e1ficos, anima\u00e7\u00f5es, v\u00eddeos e outros materiais s\u00e3o protegidos por direitos autorais e outros direitos de propriedade intelectual&hellip;  Leia mais","og_url":"https:\/\/lorando.com.br\/ensaiofotografico\/copyright\/","og_site_name":"Ensaio Fotogr\u00e1fico - Lorando Labbe","article_publisher":"https:\/\/www.facebook.com\/lorandoensaios","article_modified_time":"2020-09-04T02:57:36+00:00","og_image":[{"width":1200,"height":800,"url":"https:\/\/lorando.com.br\/ensaiofotografico\/wp-content\/uploads\/sites\/3\/2019\/12\/Ensaio-Fotografico-Feminino-cover.jpg","type":"image\/jpeg"}],"twitter_card":"summary_large_image","twitter_misc":{"Est. tempo de leitura":"1 minuto"},"schema":{"@context":"https:\/\/schema.org","@graph":[{"@type":"WebPage","@id":"https:\/\/lorando.com.br\/ensaiofotografico\/copyright\/","url":"https:\/\/lorando.com.br\/ensaiofotografico\/copyright\/","name":"Copyright - Ensaio Fotogr\u00e1fico - Lorando Labbe","isPartOf":{"@id":"http:\/\/lorando.com.br\/ensaiofotografico\/#website"},"primaryImageOfPage":{"@id":"https:\/\/lorando.com.br\/ensaiofotografico\/copyright\/#primaryimage"},"image":{"@id":"https:\/\/lorando.com.br\/ensaiofotografico\/copyright\/#primaryimage"},"thumbnailUrl":"","datePublished":"2019-08-14T21:29:22+00:00","dateModified":"2020-09-04T02:57:36+00:00","breadcrumb":{"@id":"https:\/\/lorando.com.br\/ensaiofotografico\/copyright\/#breadcrumb"},"inLanguage":"pt-BR","potentialAction":[{"@type":"ReadAction","target":["https:\/\/lorando.com.br\/ensaiofotografico\/copyright\/"]}]},{"@type":"ImageObject","inLanguage":"pt-BR","@id":"https:\/\/lorando.com.br\/ensaiofotografico\/copyright\/#primaryimage","url":"","contentUrl":""},{"@type":"BreadcrumbList","@id":"https:\/\/lorando.com.br\/ensaiofotografico\/copyright\/#breadcrumb","itemListElement":[{"@type":"ListItem","position":1,"name":"In\u00edcio","item":"http:\/\/lorando.com.br\/ensaiofotografico\/"},{"@type":"ListItem","position":2,"name":"Copyright"}]},{"@type":"WebSite","@id":"http:\/\/lorando.com.br\/ensaiofotografico\/#website","url":"http:\/\/lorando.com.br\/ensaiofotografico\/","name":"Ensaio Fotogr\u00e1fico - Lorando Labbe","description":"Website com ensaios do fot\u00f3grafo carioca Lorando Labbe","publisher":{"@id":"http:\/\/lorando.com.br\/ensaiofotografico\/#organization"},"potentialAction":[{"@type":"SearchAction","target":{"@type":"EntryPoint","urlTemplate":"http:\/\/lorando.com.br\/ensaiofotografico\/?s={search_term_string}"},"query-input":{"@type":"PropertyValueSpecification","valueRequired":true,"valueName":"search_term_string"}}],"inLanguage":"pt-BR"},{"@type":"Organization","@id":"http:\/\/lorando.com.br\/ensaiofotografico\/#organization","name":"Ensaio Fotogr\u00e1fico - Lorando Labbe","url":"http:\/\/lorando.com.br\/ensaiofotografico\/","logo":{"@type":"ImageObject","inLanguage":"pt-BR","@id":"http:\/\/lorando.com.br\/ensaiofotografico\/#\/schema\/logo\/image\/","url":"https:\/\/lorando.com.br\/ensaiofotografico\/wp-content\/uploads\/sites\/3\/2020\/08\/cropped-Logo-Site-Retangular-02.png","contentUrl":"https:\/\/lorando.com.br\/ensaiofotografico\/wp-content\/uploads\/sites\/3\/2020\/08\/cropped-Logo-Site-Retangular-02.png","width":1140,"height":423,"caption":"Ensaio Fotogr\u00e1fico - Lorando Labbe"},"image":{"@id":"http:\/\/lorando.com.br\/ensaiofotografico\/#\/schema\/logo\/image\/"},"sameAs":["https:\/\/www.facebook.com\/lorandoensaios","https:\/\/www.instagram.com\/lorando.labbe\/"]}]}},"_links":{"self":[{"href":"https:\/\/lorando.com.br\/ensaiofotografico\/wp-json\/wp\/v2\/pages\/168","targetHints":{"allow":["GET"]}}],"collection":[{"href":"https:\/\/lorando.com.br\/ensaiofotografico\/wp-json\/wp\/v2\/pages"}],"about":[{"href":"https:\/\/lorando.com.br\/ensaiofotografico\/wp-json\/wp\/v2\/types\/page"}],"author":[{"embeddable":true,"href":"https:\/\/lorando.com.br\/ensaiofotografico\/wp-json\/wp\/v2\/users\/1"}],"replies":[{"embeddable":true,"href":"https:\/\/lorando.com.br\/ensaiofotografico\/wp-json\/wp\/v2\/comments?post=168"}],"version-history":[{"count":1,"href":"https:\/\/lorando.com.br\/ensaiofotografico\/wp-json\/wp\/v2\/pages\/168\/revisions"}],"predecessor-version":[{"id":831,"href":"https:\/\/lorando.com.br\/ensaiofotografico\/wp-json\/wp\/v2\/pages\/168\/revisions\/831"}],"wp:featuredmedia":[{"embeddable":true,"href":"https:\/\/lorando.com.br\/ensaiofotografico\/wp-json\/"}],"wp:attachment":[{"href":"https:\/\/lorando.com.br\/ensaiofotografico\/wp-json\/wp\/v2\/media?parent=168"}],"curies":[{"name":"wp","href":"https:\/\/api.w.org\/{rel}","templated":true}]}}