{"id":299,"date":"2019-11-17T15:51:44","date_gmt":"2019-11-17T18:51:44","guid":{"rendered":"http:\/\/lorando.com.br\/ensaiofotografico\/?page_id=299"},"modified":"2022-06-05T12:35:06","modified_gmt":"2022-06-05T15:35:06","slug":"ensaio-fotografico-lorando-labbe","status":"publish","type":"page","link":"https:\/\/lorando.com.br\/ensaiofotografico\/","title":{"rendered":"Ensaio Fotogr\u00e1fico &#8211; Lorando Labbe"},"content":{"rendered":"\t\t<div data-elementor-type=\"wp-page\" data-elementor-id=\"299\" class=\"elementor elementor-299\">\n\t\t\t\t\t\t<section class=\"elementor-section elementor-top-section elementor-element elementor-element-14e5678 elementor-section-boxed elementor-section-height-default elementor-section-height-default\" data-id=\"14e5678\" data-element_type=\"section\">\n\t\t\t\t\t\t<div class=\"elementor-container elementor-column-gap-no\">\n\t\t\t\t\t<div class=\"elementor-column elementor-col-100 elementor-top-column elementor-element elementor-element-696d432\" data-id=\"696d432\" data-element_type=\"column\">\n\t\t\t<div class=\"elementor-widget-wrap elementor-element-populated\">\n\t\t\t\t\t\t<div class=\"elementor-element elementor-element-b16e8f9 elementor-widget elementor-widget-a13fe-scroller\" data-id=\"b16e8f9\" data-element_type=\"widget\" data-widget_type=\"a13fe-scroller.default\">\n\t\t\t\t<div class=\"elementor-widget-container\">\n\t\t\t\t\t<div class=\"a13-scroller-stuff\">\t    <ul class=\"gallery-media-collection screen-reader-text\">\n\t\t\t\t<li class=\"gallery-item type-image subtype-jpeg\" data-id=\"917\" data-ratio_x=\"1\" data-bg_color=\"\" data-alt_attr=\"\" data-main-image=\"https:\/\/lorando.com.br\/ensaiofotografico\/wp-content\/uploads\/sites\/3\/2021\/07\/Ensaio-Fotografico-Evellin-Werneck-Vol3-58.jpg\" data-brick_image=\"https:\/\/lorando.com.br\/ensaiofotografico\/wp-content\/uploads\/sites\/3\/2021\/07\/Ensaio-Fotografico-Evellin-Werneck-Vol3-58.jpg\" data-thumb=\"https:\/\/lorando.com.br\/ensaiofotografico\/wp-content\/uploads\/sites\/3\/2021\/07\/Ensaio-Fotografico-Evellin-Werneck-Vol3-58-150x150.jpg\" data-link_target=\"0\">\n\t\t<a class=\"item__link\" href=\"https:\/\/lorando.com.br\/ensaiofotografico\/wp-content\/uploads\/sites\/3\/2021\/07\/Ensaio-Fotografico-Evellin-Werneck-Vol3-58.jpg\">Ensaio Evelling Werneck<\/a>\n\t\t\t\t\t<div id=\"item-desc-1\" class=\"item-desc\"><\/div>\n\t\t\t<\/li>\n\t<li class=\"gallery-item type-image subtype-jpeg\" data-id=\"1268\" data-ratio_x=\"1\" data-bg_color=\"\" data-alt_attr=\"\" data-main-image=\"https:\/\/lorando.com.br\/ensaiofotografico\/wp-content\/uploads\/sites\/3\/2022\/06\/Ensaio-Fotografico-Rafa-Bahira-Vol2-257-2-edit.jpg\" data-brick_image=\"https:\/\/lorando.com.br\/ensaiofotografico\/wp-content\/uploads\/sites\/3\/2022\/06\/Ensaio-Fotografico-Rafa-Bahira-Vol2-257-2-edit.jpg\" data-thumb=\"https:\/\/lorando.com.br\/ensaiofotografico\/wp-content\/uploads\/sites\/3\/2022\/06\/Ensaio-Fotografico-Rafa-Bahira-Vol2-257-2-edit-300x300.jpg\" data-link_target=\"0\">\n\t\t<a class=\"item__link\" href=\"https:\/\/lorando.com.br\/ensaiofotografico\/wp-content\/uploads\/sites\/3\/2022\/06\/Ensaio-Fotografico-Rafa-Bahira-Vol2-257-2-edit.jpg\">Ensaio-Fotografico-Rafa-Bahira-Vol2-257-2-edit<\/a>\n\t\t\t\t\t<div id=\"item-desc-2\" class=\"item-desc\"><\/div>\n\t\t\t<\/li>\n\t<li class=\"gallery-item type-image subtype-jpeg\" data-id=\"12\" data-ratio_x=\"1\" data-bg_color=\"\" data-alt_attr=\"\" data-main-image=\"https:\/\/lorando.com.br\/ensaiofotografico\/wp-content\/uploads\/sites\/3\/2019\/12\/ensaio-fotografico-lorando-001.jpg\" data-brick_image=\"https:\/\/lorando.com.br\/ensaiofotografico\/wp-content\/uploads\/sites\/3\/2019\/12\/ensaio-fotografico-lorando-001.jpg\" data-thumb=\"https:\/\/lorando.com.br\/ensaiofotografico\/wp-content\/uploads\/sites\/3\/2019\/12\/ensaio-fotografico-lorando-001-150x150.jpg\" data-link_target=\"0\">\n\t\t<a class=\"item__link\" href=\"https:\/\/lorando.com.br\/ensaiofotografico\/wp-content\/uploads\/sites\/3\/2019\/12\/ensaio-fotografico-lorando-001.jpg\">ensaio-fotografico-lorando-001<\/a>\n\t\t\t\t\t<div id=\"item-desc-3\" class=\"item-desc\"><\/div>\n\t\t\t<\/li>\n\t<li class=\"gallery-item type-image subtype-jpeg\" data-id=\"13\" data-ratio_x=\"1\" data-bg_color=\"\" data-alt_attr=\"\" data-main-image=\"https:\/\/lorando.com.br\/ensaiofotografico\/wp-content\/uploads\/sites\/3\/2019\/12\/ensaio-fotografico-lorando-002.jpg\" data-brick_image=\"https:\/\/lorando.com.br\/ensaiofotografico\/wp-content\/uploads\/sites\/3\/2019\/12\/ensaio-fotografico-lorando-002.jpg\" data-thumb=\"https:\/\/lorando.com.br\/ensaiofotografico\/wp-content\/uploads\/sites\/3\/2019\/12\/ensaio-fotografico-lorando-002-150x150.jpg\" data-link_target=\"0\">\n\t\t<a class=\"item__link\" href=\"https:\/\/lorando.com.br\/ensaiofotografico\/wp-content\/uploads\/sites\/3\/2019\/12\/ensaio-fotografico-lorando-002.jpg\">ensaio-fotografico-lorando-002<\/a>\n\t\t\t\t\t<div id=\"item-desc-4\" class=\"item-desc\"><\/div>\n\t\t\t<\/li>\n\t<li class=\"gallery-item type-image subtype-jpeg\" data-id=\"15\" data-ratio_x=\"1\" data-bg_color=\"\" data-alt_attr=\"\" data-main-image=\"https:\/\/lorando.com.br\/ensaiofotografico\/wp-content\/uploads\/sites\/3\/2019\/12\/ensaio-fotografico-lorando-004.jpg\" data-brick_image=\"https:\/\/lorando.com.br\/ensaiofotografico\/wp-content\/uploads\/sites\/3\/2019\/12\/ensaio-fotografico-lorando-004.jpg\" data-thumb=\"https:\/\/lorando.com.br\/ensaiofotografico\/wp-content\/uploads\/sites\/3\/2019\/12\/ensaio-fotografico-lorando-004-150x150.jpg\" data-link_target=\"0\">\n\t\t<a class=\"item__link\" href=\"https:\/\/lorando.com.br\/ensaiofotografico\/wp-content\/uploads\/sites\/3\/2019\/12\/ensaio-fotografico-lorando-004.jpg\">ensaio-fotografico-lorando-004<\/a>\n\t\t\t\t\t<div id=\"item-desc-5\" class=\"item-desc\"><\/div>\n\t\t\t<\/li>\n\t<li class=\"gallery-item type-image subtype-jpeg\" data-id=\"1266\" data-ratio_x=\"1\" data-bg_color=\"\" data-alt_attr=\"\" data-main-image=\"https:\/\/lorando.com.br\/ensaiofotografico\/wp-content\/uploads\/sites\/3\/2022\/06\/Ensaio-Fotografico-Rafa-Bahira-Vol2-244-Editar-2-A.jpg\" data-brick_image=\"https:\/\/lorando.com.br\/ensaiofotografico\/wp-content\/uploads\/sites\/3\/2022\/06\/Ensaio-Fotografico-Rafa-Bahira-Vol2-244-Editar-2-A.jpg\" data-thumb=\"https:\/\/lorando.com.br\/ensaiofotografico\/wp-content\/uploads\/sites\/3\/2022\/06\/Ensaio-Fotografico-Rafa-Bahira-Vol2-244-Editar-2-A-300x300.jpg\" data-link_target=\"0\">\n\t\t<a class=\"item__link\" href=\"https:\/\/lorando.com.br\/ensaiofotografico\/wp-content\/uploads\/sites\/3\/2022\/06\/Ensaio-Fotografico-Rafa-Bahira-Vol2-244-Editar-2-A.jpg\">Ensaio-Fotografico-Rafa-Bahira-Vol2-244-Editar-2-A<\/a>\n\t\t\t\t\t<div id=\"item-desc-6\" class=\"item-desc\"><\/div>\n\t\t\t<\/li>\n\t<li class=\"gallery-item type-image subtype-jpeg\" data-id=\"14\" data-ratio_x=\"1\" data-bg_color=\"\" data-alt_attr=\"\" data-main-image=\"https:\/\/lorando.com.br\/ensaiofotografico\/wp-content\/uploads\/sites\/3\/2019\/12\/ensaio-fotografico-lorando-003.jpg\" data-brick_image=\"https:\/\/lorando.com.br\/ensaiofotografico\/wp-content\/uploads\/sites\/3\/2019\/12\/ensaio-fotografico-lorando-003.jpg\" data-thumb=\"https:\/\/lorando.com.br\/ensaiofotografico\/wp-content\/uploads\/sites\/3\/2019\/12\/ensaio-fotografico-lorando-003-150x150.jpg\" data-link_target=\"0\">\n\t\t<a class=\"item__link\" href=\"https:\/\/lorando.com.br\/ensaiofotografico\/wp-content\/uploads\/sites\/3\/2019\/12\/ensaio-fotografico-lorando-003.jpg\">ensaio-fotografico-lorando-003<\/a>\n\t\t\t\t\t<div id=\"item-desc-7\" class=\"item-desc\"><\/div>\n\t\t\t<\/li>\n\t<li class=\"gallery-item type-image subtype-jpeg\" data-id=\"16\" data-ratio_x=\"1\" data-bg_color=\"\" data-alt_attr=\"\" data-main-image=\"https:\/\/lorando.com.br\/ensaiofotografico\/wp-content\/uploads\/sites\/3\/2019\/12\/ensaio-fotografico-lorando-005.jpg\" data-brick_image=\"https:\/\/lorando.com.br\/ensaiofotografico\/wp-content\/uploads\/sites\/3\/2019\/12\/ensaio-fotografico-lorando-005.jpg\" data-thumb=\"https:\/\/lorando.com.br\/ensaiofotografico\/wp-content\/uploads\/sites\/3\/2019\/12\/ensaio-fotografico-lorando-005-150x150.jpg\" data-link_target=\"0\">\n\t\t<a class=\"item__link\" href=\"https:\/\/lorando.com.br\/ensaiofotografico\/wp-content\/uploads\/sites\/3\/2019\/12\/ensaio-fotografico-lorando-005.jpg\">ensaio-fotografico-lorando-005<\/a>\n\t\t\t\t\t<div id=\"item-desc-8\" class=\"item-desc\"><\/div>\n\t\t\t<\/li>\n\t<li class=\"gallery-item type-image subtype-jpeg\" data-id=\"747\" data-ratio_x=\"1\" data-bg_color=\"\" data-alt_attr=\"\" data-main-image=\"https:\/\/lorando.com.br\/ensaiofotografico\/wp-content\/uploads\/sites\/3\/2020\/01\/ensaio-fotografico-lorando-006.jpg\" data-brick_image=\"https:\/\/lorando.com.br\/ensaiofotografico\/wp-content\/uploads\/sites\/3\/2020\/01\/ensaio-fotografico-lorando-006.jpg\" data-thumb=\"https:\/\/lorando.com.br\/ensaiofotografico\/wp-content\/uploads\/sites\/3\/2020\/01\/ensaio-fotografico-lorando-006-150x150.jpg\" data-link_target=\"0\">\n\t\t<a class=\"item__link\" href=\"https:\/\/lorando.com.br\/ensaiofotografico\/wp-content\/uploads\/sites\/3\/2020\/01\/ensaio-fotografico-lorando-006.jpg\">ensaio-fotografico-lorando-006<\/a>\n\t\t\t\t\t<div id=\"item-desc-9\" class=\"item-desc\"><\/div>\n\t\t\t<\/li>\n\t\t<\/ul>\n\t    <div class=\"a13-scroller scroller-gallery-17 parallax opened-cover closed-cover\" data-scroller='{&quot;imagesLoaded&quot;:true,&quot;setGallerySize&quot;:false,&quot;resize&quot;:false,&quot;bgLazyLoad&quot;:2,&quot;arrowShape&quot;:{&quot;x0&quot;:25,&quot;x1&quot;:55,&quot;y1&quot;:40,&quot;x2&quot;:65,&quot;y2&quot;:40,&quot;x3&quot;:35},&quot;wrapAround&quot;:true,&quot;contain&quot;:true,&quot;freeScroll&quot;:false,&quot;prevNextButtons&quot;:true,&quot;pageDots&quot;:false,&quot;a13Parallax&quot;:true,&quot;a13Effect&quot;:&quot;scale-down&quot;,&quot;a13MainSlider&quot;:false,&quot;a13ShowDesc&quot;:false,&quot;a13CellWidth&quot;:&quot;33&quot;,&quot;a13CellWidthMobile&quot;:&quot;75&quot;,&quot;a13Ratio&quot;:&quot;16\\\/9&quot;,&quot;autoPlay&quot;:3000,&quot;pauseAutoPlayOnHover&quot;:true,&quot;a13WindowHigh&quot;:false,&quot;a13Socials&quot;:false}'><\/div><button class=\"scroll-below\">Clique aqui para rolar a p\u00e1gina abaixo<\/button><\/div>\t\t\t\t<\/div>\n\t\t\t\t<\/div>\n\t\t\t\t\t<\/div>\n\t\t<\/div>\n\t\t\t\t\t<\/div>\n\t\t<\/section>\n\t\t\t\t<\/div>\n\t\t","protected":false},"excerpt":{"rendered":"<p>ensaio-fotografico-lorando-001 ensaio-fotografico-lorando-002 ensaio-fotografico-lorando-004 ensaio-fotografico-lorando-003 ensaio-fotografico-lorando-005 Clique aqui para rolar a p\u00e1gina abaixo<\/p>\n","protected":false},"author":1,"featured_media":1261,"parent":0,"menu_order":0,"comment_status":"closed","ping_status":"closed","template":"","meta":{"_monsterinsights_skip_tracking":false,"_monsterinsights_sitenote_active":false,"_monsterinsights_sitenote_note":"","_monsterinsights_sitenote_category":0,"footnotes":""},"class_list":["post-299","page","type-page","status-publish","has-post-thumbnail"],"yoast_head":"<!-- This site is optimized with the Yoast SEO plugin v25.3 - https:\/\/yoast.com\/wordpress\/plugins\/seo\/ -->\n<title>Ensaio Fotogr\u00e1fico - Lorando Labbe - Ensaio Fotogr\u00e1fico - Lorando Labbe<\/title>\n<meta name=\"description\" content=\"Ensaio Fotogr\u00e1fico, website do fot\u00f3grafo carioca Lorando Labbe com ensaios fotogr\u00e1ficos.\" \/>\n<meta name=\"robots\" content=\"index, follow, max-snippet:-1, max-image-preview:large, max-video-preview:-1\" \/>\n<link rel=\"canonical\" href=\"http:\/\/lorando.com.br\/ensaiofotografico\/\" \/>\n<meta property=\"og:locale\" content=\"pt_BR\" \/>\n<meta property=\"og:type\" content=\"article\" \/>\n<meta property=\"og:title\" content=\"Ensaio Fotogr\u00e1fico - Lorando Labbe - Ensaio Fotogr\u00e1fico - Lorando Labbe\" \/>\n<meta property=\"og:description\" content=\"Ensaio Fotogr\u00e1fico, website do fot\u00f3grafo carioca Lorando Labbe com ensaios fotogr\u00e1ficos.\" \/>\n<meta property=\"og:url\" content=\"http:\/\/lorando.com.br\/ensaiofotografico\/\" \/>\n<meta property=\"og:site_name\" content=\"Ensaio Fotogr\u00e1fico - Lorando Labbe\" \/>\n<meta property=\"article:publisher\" content=\"https:\/\/www.facebook.com\/lorandoensaios\" \/>\n<meta property=\"article:modified_time\" content=\"2022-06-05T15:35:06+00:00\" \/>\n<meta property=\"og:image\" content=\"http:\/\/lorando.com.br\/ensaiofotografico\/wp-content\/uploads\/sites\/3\/2022\/06\/cover-ensaio-fotogra\u0301fico-0001.jpg\" \/>\n\t<meta property=\"og:image:width\" content=\"1200\" \/>\n\t<meta property=\"og:image:height\" content=\"800\" \/>\n\t<meta property=\"og:image:type\" content=\"image\/jpeg\" \/>\n<meta name=\"twitter:card\" content=\"summary_large_image\" \/>\n<meta name=\"twitter:label1\" content=\"Est. tempo de leitura\" \/>\n\t<meta name=\"twitter:data1\" content=\"1 minuto\" \/>\n<script type=\"application\/ld+json\" class=\"yoast-schema-graph\">{\"@context\":\"https:\/\/schema.org\",\"@graph\":[{\"@type\":\"WebPage\",\"@id\":\"http:\/\/lorando.com.br\/ensaiofotografico\/\",\"url\":\"http:\/\/lorando.com.br\/ensaiofotografico\/\",\"name\":\"Ensaio Fotogr\u00e1fico - Lorando Labbe - Ensaio Fotogr\u00e1fico - Lorando Labbe\",\"isPartOf\":{\"@id\":\"http:\/\/lorando.com.br\/ensaiofotografico\/#website\"},\"primaryImageOfPage\":{\"@id\":\"http:\/\/lorando.com.br\/ensaiofotografico\/#primaryimage\"},\"image\":{\"@id\":\"http:\/\/lorando.com.br\/ensaiofotografico\/#primaryimage\"},\"thumbnailUrl\":\"https:\/\/lorando.com.br\/ensaiofotografico\/wp-content\/uploads\/sites\/3\/2022\/06\/cover-ensaio-fotogra\u0301fico-0001.jpg\",\"datePublished\":\"2019-11-17T18:51:44+00:00\",\"dateModified\":\"2022-06-05T15:35:06+00:00\",\"description\":\"Ensaio Fotogr\u00e1fico, website do fot\u00f3grafo carioca Lorando Labbe com ensaios fotogr\u00e1ficos.\",\"breadcrumb\":{\"@id\":\"http:\/\/lorando.com.br\/ensaiofotografico\/#breadcrumb\"},\"inLanguage\":\"pt-BR\",\"potentialAction\":[{\"@type\":\"ReadAction\",\"target\":[\"http:\/\/lorando.com.br\/ensaiofotografico\/\"]}]},{\"@type\":\"ImageObject\",\"inLanguage\":\"pt-BR\",\"@id\":\"http:\/\/lorando.com.br\/ensaiofotografico\/#primaryimage\",\"url\":\"https:\/\/lorando.com.br\/ensaiofotografico\/wp-content\/uploads\/sites\/3\/2022\/06\/cover-ensaio-fotogra\u0301fico-0001.jpg\",\"contentUrl\":\"https:\/\/lorando.com.br\/ensaiofotografico\/wp-content\/uploads\/sites\/3\/2022\/06\/cover-ensaio-fotogra\u0301fico-0001.jpg\",\"width\":1200,\"height\":800},{\"@type\":\"BreadcrumbList\",\"@id\":\"http:\/\/lorando.com.br\/ensaiofotografico\/#breadcrumb\",\"itemListElement\":[{\"@type\":\"ListItem\",\"position\":1,\"name\":\"In\u00edcio\",\"item\":\"http:\/\/lorando.com.br\/ensaiofotografico\/\"},{\"@type\":\"ListItem\",\"position\":2,\"name\":\"Ensaio Fotogr\u00e1fico &#8211; Lorando Labbe\"}]},{\"@type\":\"WebSite\",\"@id\":\"http:\/\/lorando.com.br\/ensaiofotografico\/#website\",\"url\":\"http:\/\/lorando.com.br\/ensaiofotografico\/\",\"name\":\"Ensaio Fotogr\u00e1fico - Lorando Labbe\",\"description\":\"Website com ensaios do fot\u00f3grafo carioca Lorando Labbe\",\"publisher\":{\"@id\":\"http:\/\/lorando.com.br\/ensaiofotografico\/#organization\"},\"potentialAction\":[{\"@type\":\"SearchAction\",\"target\":{\"@type\":\"EntryPoint\",\"urlTemplate\":\"http:\/\/lorando.com.br\/ensaiofotografico\/?s={search_term_string}\"},\"query-input\":{\"@type\":\"PropertyValueSpecification\",\"valueRequired\":true,\"valueName\":\"search_term_string\"}}],\"inLanguage\":\"pt-BR\"},{\"@type\":\"Organization\",\"@id\":\"http:\/\/lorando.com.br\/ensaiofotografico\/#organization\",\"name\":\"Ensaio Fotogr\u00e1fico - Lorando Labbe\",\"url\":\"http:\/\/lorando.com.br\/ensaiofotografico\/\",\"logo\":{\"@type\":\"ImageObject\",\"inLanguage\":\"pt-BR\",\"@id\":\"http:\/\/lorando.com.br\/ensaiofotografico\/#\/schema\/logo\/image\/\",\"url\":\"https:\/\/lorando.com.br\/ensaiofotografico\/wp-content\/uploads\/sites\/3\/2020\/08\/cropped-Logo-Site-Retangular-02.png\",\"contentUrl\":\"https:\/\/lorando.com.br\/ensaiofotografico\/wp-content\/uploads\/sites\/3\/2020\/08\/cropped-Logo-Site-Retangular-02.png\",\"width\":1140,\"height\":423,\"caption\":\"Ensaio Fotogr\u00e1fico - Lorando Labbe\"},\"image\":{\"@id\":\"http:\/\/lorando.com.br\/ensaiofotografico\/#\/schema\/logo\/image\/\"},\"sameAs\":[\"https:\/\/www.facebook.com\/lorandoensaios\",\"https:\/\/www.instagram.com\/lorando.labbe\/\"]}]}<\/script>\n<!-- \/ Yoast SEO plugin. -->","yoast_head_json":{"title":"Ensaio Fotogr\u00e1fico - Lorando Labbe - Ensaio Fotogr\u00e1fico - Lorando Labbe","description":"Ensaio Fotogr\u00e1fico, website do fot\u00f3grafo carioca Lorando Labbe com ensaios fotogr\u00e1ficos.","robots":{"index":"index","follow":"follow","max-snippet":"max-snippet:-1","max-image-preview":"max-image-preview:large","max-video-preview":"max-video-preview:-1"},"canonical":"http:\/\/lorando.com.br\/ensaiofotografico\/","og_locale":"pt_BR","og_type":"article","og_title":"Ensaio Fotogr\u00e1fico - Lorando Labbe - Ensaio Fotogr\u00e1fico - Lorando Labbe","og_description":"Ensaio Fotogr\u00e1fico, website do fot\u00f3grafo carioca Lorando Labbe com ensaios fotogr\u00e1ficos.","og_url":"http:\/\/lorando.com.br\/ensaiofotografico\/","og_site_name":"Ensaio Fotogr\u00e1fico - Lorando Labbe","article_publisher":"https:\/\/www.facebook.com\/lorandoensaios","article_modified_time":"2022-06-05T15:35:06+00:00","og_image":[{"width":1200,"height":800,"url":"http:\/\/lorando.com.br\/ensaiofotografico\/wp-content\/uploads\/sites\/3\/2022\/06\/cover-ensaio-fotogra\u0301fico-0001.jpg","type":"image\/jpeg"}],"twitter_card":"summary_large_image","twitter_misc":{"Est. tempo de leitura":"1 minuto"},"schema":{"@context":"https:\/\/schema.org","@graph":[{"@type":"WebPage","@id":"http:\/\/lorando.com.br\/ensaiofotografico\/","url":"http:\/\/lorando.com.br\/ensaiofotografico\/","name":"Ensaio Fotogr\u00e1fico - Lorando Labbe - Ensaio Fotogr\u00e1fico - Lorando Labbe","isPartOf":{"@id":"http:\/\/lorando.com.br\/ensaiofotografico\/#website"},"primaryImageOfPage":{"@id":"http:\/\/lorando.com.br\/ensaiofotografico\/#primaryimage"},"image":{"@id":"http:\/\/lorando.com.br\/ensaiofotografico\/#primaryimage"},"thumbnailUrl":"https:\/\/lorando.com.br\/ensaiofotografico\/wp-content\/uploads\/sites\/3\/2022\/06\/cover-ensaio-fotogra\u0301fico-0001.jpg","datePublished":"2019-11-17T18:51:44+00:00","dateModified":"2022-06-05T15:35:06+00:00","description":"Ensaio Fotogr\u00e1fico, website do fot\u00f3grafo carioca Lorando Labbe com ensaios fotogr\u00e1ficos.","breadcrumb":{"@id":"http:\/\/lorando.com.br\/ensaiofotografico\/#breadcrumb"},"inLanguage":"pt-BR","potentialAction":[{"@type":"ReadAction","target":["http:\/\/lorando.com.br\/ensaiofotografico\/"]}]},{"@type":"ImageObject","inLanguage":"pt-BR","@id":"http:\/\/lorando.com.br\/ensaiofotografico\/#primaryimage","url":"https:\/\/lorando.com.br\/ensaiofotografico\/wp-content\/uploads\/sites\/3\/2022\/06\/cover-ensaio-fotogra\u0301fico-0001.jpg","contentUrl":"https:\/\/lorando.com.br\/ensaiofotografico\/wp-content\/uploads\/sites\/3\/2022\/06\/cover-ensaio-fotogra\u0301fico-0001.jpg","width":1200,"height":800},{"@type":"BreadcrumbList","@id":"http:\/\/lorando.com.br\/ensaiofotografico\/#breadcrumb","itemListElement":[{"@type":"ListItem","position":1,"name":"In\u00edcio","item":"http:\/\/lorando.com.br\/ensaiofotografico\/"},{"@type":"ListItem","position":2,"name":"Ensaio Fotogr\u00e1fico &#8211; Lorando Labbe"}]},{"@type":"WebSite","@id":"http:\/\/lorando.com.br\/ensaiofotografico\/#website","url":"http:\/\/lorando.com.br\/ensaiofotografico\/","name":"Ensaio Fotogr\u00e1fico - Lorando Labbe","description":"Website com ensaios do fot\u00f3grafo carioca Lorando Labbe","publisher":{"@id":"http:\/\/lorando.com.br\/ensaiofotografico\/#organization"},"potentialAction":[{"@type":"SearchAction","target":{"@type":"EntryPoint","urlTemplate":"http:\/\/lorando.com.br\/ensaiofotografico\/?s={search_term_string}"},"query-input":{"@type":"PropertyValueSpecification","valueRequired":true,"valueName":"search_term_string"}}],"inLanguage":"pt-BR"},{"@type":"Organization","@id":"http:\/\/lorando.com.br\/ensaiofotografico\/#organization","name":"Ensaio Fotogr\u00e1fico - Lorando Labbe","url":"http:\/\/lorando.com.br\/ensaiofotografico\/","logo":{"@type":"ImageObject","inLanguage":"pt-BR","@id":"http:\/\/lorando.com.br\/ensaiofotografico\/#\/schema\/logo\/image\/","url":"https:\/\/lorando.com.br\/ensaiofotografico\/wp-content\/uploads\/sites\/3\/2020\/08\/cropped-Logo-Site-Retangular-02.png","contentUrl":"https:\/\/lorando.com.br\/ensaiofotografico\/wp-content\/uploads\/sites\/3\/2020\/08\/cropped-Logo-Site-Retangular-02.png","width":1140,"height":423,"caption":"Ensaio Fotogr\u00e1fico - Lorando Labbe"},"image":{"@id":"http:\/\/lorando.com.br\/ensaiofotografico\/#\/schema\/logo\/image\/"},"sameAs":["https:\/\/www.facebook.com\/lorandoensaios","https:\/\/www.instagram.com\/lorando.labbe\/"]}]}},"_links":{"self":[{"href":"https:\/\/lorando.com.br\/ensaiofotografico\/wp-json\/wp\/v2\/pages\/299","targetHints":{"allow":["GET"]}}],"collection":[{"href":"https:\/\/lorando.com.br\/ensaiofotografico\/wp-json\/wp\/v2\/pages"}],"about":[{"href":"https:\/\/lorando.com.br\/ensaiofotografico\/wp-json\/wp\/v2\/types\/page"}],"author":[{"embeddable":true,"href":"https:\/\/lorando.com.br\/ensaiofotografico\/wp-json\/wp\/v2\/users\/1"}],"replies":[{"embeddable":true,"href":"https:\/\/lorando.com.br\/ensaiofotografico\/wp-json\/wp\/v2\/comments?post=299"}],"version-history":[{"count":3,"href":"https:\/\/lorando.com.br\/ensaiofotografico\/wp-json\/wp\/v2\/pages\/299\/revisions"}],"predecessor-version":[{"id":302,"href":"https:\/\/lorando.com.br\/ensaiofotografico\/wp-json\/wp\/v2\/pages\/299\/revisions\/302"}],"wp:featuredmedia":[{"embeddable":true,"href":"https:\/\/lorando.com.br\/ensaiofotografico\/wp-json\/wp\/v2\/media\/1261"}],"wp:attachment":[{"href":"https:\/\/lorando.com.br\/ensaiofotografico\/wp-json\/wp\/v2\/media?parent=299"}],"curies":[{"name":"wp","href":"https:\/\/api.w.org\/{rel}","templated":true}]}}