{"id":49,"date":"2019-06-04T03:39:05","date_gmt":"2019-06-04T06:39:05","guid":{"rendered":"http:\/\/teste.lorando.com.br\/ensaiofotografico\/?page_id=49"},"modified":"2022-06-05T02:13:51","modified_gmt":"2022-06-05T05:13:51","slug":"fale-com-o-fotografo","status":"publish","type":"page","link":"https:\/\/lorando.com.br\/ensaiofotografico\/fale-com-o-fotografo\/","title":{"rendered":"Fale com o fot\u00f3grafo"},"content":{"rendered":"\t\t<div data-elementor-type=\"wp-page\" data-elementor-id=\"49\" class=\"elementor elementor-49\">\n\t\t\t\t\t\t<section class=\"elementor-section elementor-top-section elementor-element elementor-element-6499b635 elementor-section-boxed elementor-section-height-default elementor-section-height-default\" data-id=\"6499b635\" data-element_type=\"section\">\n\t\t\t\t\t\t<div class=\"elementor-container elementor-column-gap-default\">\n\t\t\t\t\t<div class=\"elementor-column elementor-col-50 elementor-top-column elementor-element elementor-element-673ceb9\" data-id=\"673ceb9\" data-element_type=\"column\">\n\t\t\t<div class=\"elementor-widget-wrap elementor-element-populated\">\n\t\t\t\t\t\t<div class=\"elementor-element elementor-element-ba35ac2 elementor-widget elementor-widget-text-editor\" data-id=\"ba35ac2\" data-element_type=\"widget\" data-widget_type=\"text-editor.default\">\n\t\t\t\t<div class=\"elementor-widget-container\">\n\t\t\t\t\t\t\t\t\t<p>Ol\u00e1.<\/p>\n<p>Obrigado por ter dedicado um pouco do seu tempo pra ver o meu trabalho. Espero que tenha gostado.<\/p>\n<p>Se voc\u00ea deseja ter mais informa\u00e7\u00f5es sobre o ensaio fotogr\u00e1fico, me envie uma mensagem atrav\u00e9s do formul\u00e1rio ao lado.<\/p>\n<p>Tamb\u00e9m estou dispon\u00edvel de <strong>seg. a sex. de 9h \u00e0s 18h<\/strong> atrav\u00e9s dos seguintes canais:<br>Whatsapp <i class=\"fab fa-whatsapp\"><\/i>&nbsp;<em><strong>21 96689-0771<\/strong><\/em><br>e-mail <i class=\"fa fa-envelope\"><\/i> <strong>contatos@lorando.com.br<\/strong><\/p>\n<p>Ser\u00e1 um prazer atend\u00ea-lo.<\/p>\t\t\t\t\t\t\t\t<\/div>\n\t\t\t\t<\/div>\n\t\t\t\t<div class=\"elementor-element elementor-element-43fc0f7 elementor-widget elementor-widget-image\" data-id=\"43fc0f7\" data-element_type=\"widget\" data-widget_type=\"image.default\">\n\t\t\t\t<div class=\"elementor-widget-container\">\n\t\t\t\t\t\t\t\t\t\t\t\t\t\t\t<img decoding=\"async\" data-src=\"https:\/\/lorando.com.br\/ensaiofotografico\/wp-content\/uploads\/sites\/3\/2022\/06\/Lorando-assinatura-2022-H-Preto-thumb.png\" title=\"Lorando-assinatura-2022-H-Preto-thumb\" alt=\"Lorando-assinatura-2022-H-Preto-thumb\" src=\"data:image\/gif;base64,R0lGODlhAQABAAAAACH5BAEKAAEALAAAAAABAAEAAAICTAEAOw==\" class=\"lazyload\" \/>\t\t\t\t\t\t\t\t\t\t\t\t\t\t\t<\/div>\n\t\t\t\t<\/div>\n\t\t\t\t\t<\/div>\n\t\t<\/div>\n\t\t\t\t<div class=\"elementor-column elementor-col-50 elementor-top-column elementor-element elementor-element-10703f5\" data-id=\"10703f5\" data-element_type=\"column\">\n\t\t\t<div class=\"elementor-widget-wrap elementor-element-populated\">\n\t\t\t\t\t\t<div class=\"elementor-element elementor-element-4d0fbb62 elementor-widget elementor-widget-text-editor\" data-id=\"4d0fbb62\" data-element_type=\"widget\" data-widget_type=\"text-editor.default\">\n\t\t\t\t<div class=\"elementor-widget-container\">\n\t\t\t\t\t\t\t\t\t<p>\n<div class=\"wpcf7 no-js\" id=\"wpcf7-f316-o1\" lang=\"pt-BR\" dir=\"ltr\" data-wpcf7-id=\"316\">\n<div class=\"screen-reader-response\"><p role=\"status\" aria-live=\"polite\" aria-atomic=\"true\"><\/p> <ul><\/ul><\/div>\n<form action=\"\/ensaiofotografico\/wp-json\/wp\/v2\/pages\/49#wpcf7-f316-o1\" method=\"post\" class=\"wpcf7-form init\" aria-label=\"Formul\u00e1rios de contato\" novalidate=\"novalidate\" data-status=\"init\">\n<div style=\"display: none;\">\n<input type=\"hidden\" name=\"_wpcf7\" value=\"316\" \/>\n<input type=\"hidden\" name=\"_wpcf7_version\" value=\"6.0.6\" \/>\n<input type=\"hidden\" name=\"_wpcf7_locale\" value=\"pt_BR\" \/>\n<input type=\"hidden\" name=\"_wpcf7_unit_tag\" value=\"wpcf7-f316-o1\" \/>\n<input type=\"hidden\" name=\"_wpcf7_container_post\" value=\"0\" \/>\n<input type=\"hidden\" name=\"_wpcf7_posted_data_hash\" value=\"\" \/>\n<input type=\"hidden\" name=\"_wpcf7_recaptcha_response\" value=\"\" \/>\n<\/div>\n<p><label> Seu nome (obrigat\u00f3rio)<br \/>\n<span class=\"wpcf7-form-control-wrap\" data-name=\"txt-nome\"><input size=\"40\" maxlength=\"400\" class=\"wpcf7-form-control wpcf7-text wpcf7-validates-as-required\" aria-required=\"true\" aria-invalid=\"false\" placeholder=\"Informe seu nome e sobrenome\" value=\"\" type=\"text\" name=\"txt-nome\" \/><\/span> <\/label>\n<\/p>\n<p><label> Seu e-mail (obrigat\u00f3rio)<br \/>\n<span class=\"wpcf7-form-control-wrap\" data-name=\"txt-email\"><input size=\"40\" maxlength=\"400\" class=\"wpcf7-form-control wpcf7-email wpcf7-validates-as-required wpcf7-text wpcf7-validates-as-email\" aria-required=\"true\" aria-invalid=\"false\" placeholder=\"Informe um e-mail v\u00e1lido\" value=\"\" type=\"email\" name=\"txt-email\" \/><\/span> <\/label>\n<\/p>\n<p><label> Sua mensagem<br \/>\n<span class=\"wpcf7-form-control-wrap\" data-name=\"txt-mensagem\"><textarea cols=\"40\" rows=\"10\" maxlength=\"2000\" class=\"wpcf7-form-control wpcf7-textarea\" aria-invalid=\"false\" name=\"txt-mensagem\"><\/textarea><\/span> <\/label>\n<\/p>\n\n<p><input class=\"wpcf7-form-control wpcf7-submit has-spinner\" type=\"submit\" value=\"Enviar\" \/>\n<\/p><div class=\"wpcf7-response-output\" aria-hidden=\"true\"><\/div>\n<\/form>\n<\/div>\n<\/p>\t\t\t\t\t\t\t\t<\/div>\n\t\t\t\t<\/div>\n\t\t\t\t\t<\/div>\n\t\t<\/div>\n\t\t\t\t\t<\/div>\n\t\t<\/section>\n\t\t\t\t<\/div>\n\t\t","protected":false},"excerpt":{"rendered":"<p>Ol\u00e1. Obrigado por ter dedicado um pouco do seu tempo pra ver o meu trabalho. Espero que tenha gostado. Se voc\u00ea deseja ter mais informa\u00e7\u00f5es sobre o ensaio fotogr\u00e1fico, me&hellip;<\/p>\n<p> <a class=\"more-link\" href=\"https:\/\/lorando.com.br\/ensaiofotografico\/fale-com-o-fotografo\/\">Leia mais<\/a><\/p>\n","protected":false},"author":1,"featured_media":11,"parent":0,"menu_order":0,"comment_status":"closed","ping_status":"closed","template":"","meta":{"_monsterinsights_skip_tracking":false,"_monsterinsights_sitenote_active":false,"_monsterinsights_sitenote_note":"","_monsterinsights_sitenote_category":0,"footnotes":""},"class_list":["post-49","page","type-page","status-publish","has-post-thumbnail"],"yoast_head":"<!-- This site is optimized with the Yoast SEO plugin v25.3 - https:\/\/yoast.com\/wordpress\/plugins\/seo\/ -->\n<title>Fale com o fot\u00f3grafo - Ensaio Fotogr\u00e1fico - Lorando Labbe<\/title>\n<meta name=\"robots\" content=\"index, follow, max-snippet:-1, max-image-preview:large, max-video-preview:-1\" \/>\n<link rel=\"canonical\" href=\"http:\/\/lorando.com.br\/ensaiofotografico\/fale-com-o-fotografo\/\" \/>\n<meta property=\"og:locale\" content=\"pt_BR\" \/>\n<meta property=\"og:type\" content=\"article\" \/>\n<meta property=\"og:title\" content=\"Fale com o fot\u00f3grafo - Ensaio Fotogr\u00e1fico - Lorando Labbe\" \/>\n<meta property=\"og:description\" content=\"Ol\u00e1. Obrigado por ter dedicado um pouco do seu tempo pra ver o meu trabalho. Espero que tenha gostado. Se voc\u00ea deseja ter mais informa\u00e7\u00f5es sobre o ensaio fotogr\u00e1fico, me&hellip;  Leia mais\" \/>\n<meta property=\"og:url\" content=\"http:\/\/lorando.com.br\/ensaiofotografico\/fale-com-o-fotografo\/\" \/>\n<meta property=\"og:site_name\" content=\"Ensaio Fotogr\u00e1fico - Lorando Labbe\" \/>\n<meta property=\"article:publisher\" content=\"https:\/\/www.facebook.com\/lorandoensaios\" \/>\n<meta property=\"article:modified_time\" content=\"2022-06-05T05:13:51+00:00\" \/>\n<meta property=\"og:image\" content=\"http:\/\/lorando.com.br\/ensaiofotografico\/wp-content\/uploads\/sites\/3\/2019\/12\/Ensaio-Fotografico-Feminino-cover.jpg\" \/>\n\t<meta property=\"og:image:width\" content=\"1200\" \/>\n\t<meta property=\"og:image:height\" content=\"800\" \/>\n\t<meta property=\"og:image:type\" content=\"image\/jpeg\" \/>\n<meta name=\"twitter:card\" content=\"summary_large_image\" \/>\n<meta name=\"twitter:label1\" content=\"Est. tempo de leitura\" \/>\n\t<meta name=\"twitter:data1\" content=\"1 minuto\" \/>\n<script type=\"application\/ld+json\" class=\"yoast-schema-graph\">{\"@context\":\"https:\/\/schema.org\",\"@graph\":[{\"@type\":\"WebPage\",\"@id\":\"http:\/\/lorando.com.br\/ensaiofotografico\/fale-com-o-fotografo\/\",\"url\":\"http:\/\/lorando.com.br\/ensaiofotografico\/fale-com-o-fotografo\/\",\"name\":\"Fale com o fot\u00f3grafo - Ensaio Fotogr\u00e1fico - Lorando Labbe\",\"isPartOf\":{\"@id\":\"http:\/\/lorando.com.br\/ensaiofotografico\/#website\"},\"primaryImageOfPage\":{\"@id\":\"http:\/\/lorando.com.br\/ensaiofotografico\/fale-com-o-fotografo\/#primaryimage\"},\"image\":{\"@id\":\"http:\/\/lorando.com.br\/ensaiofotografico\/fale-com-o-fotografo\/#primaryimage\"},\"thumbnailUrl\":\"https:\/\/lorando.com.br\/ensaiofotografico\/wp-content\/uploads\/sites\/3\/2019\/12\/Ensaio-Fotografico-Feminino-cover.jpg\",\"datePublished\":\"2019-06-04T06:39:05+00:00\",\"dateModified\":\"2022-06-05T05:13:51+00:00\",\"breadcrumb\":{\"@id\":\"http:\/\/lorando.com.br\/ensaiofotografico\/fale-com-o-fotografo\/#breadcrumb\"},\"inLanguage\":\"pt-BR\",\"potentialAction\":[{\"@type\":\"ReadAction\",\"target\":[\"http:\/\/lorando.com.br\/ensaiofotografico\/fale-com-o-fotografo\/\"]}]},{\"@type\":\"ImageObject\",\"inLanguage\":\"pt-BR\",\"@id\":\"http:\/\/lorando.com.br\/ensaiofotografico\/fale-com-o-fotografo\/#primaryimage\",\"url\":\"https:\/\/lorando.com.br\/ensaiofotografico\/wp-content\/uploads\/sites\/3\/2019\/12\/Ensaio-Fotografico-Feminino-cover.jpg\",\"contentUrl\":\"https:\/\/lorando.com.br\/ensaiofotografico\/wp-content\/uploads\/sites\/3\/2019\/12\/Ensaio-Fotografico-Feminino-cover.jpg\",\"width\":1200,\"height\":800},{\"@type\":\"BreadcrumbList\",\"@id\":\"http:\/\/lorando.com.br\/ensaiofotografico\/fale-com-o-fotografo\/#breadcrumb\",\"itemListElement\":[{\"@type\":\"ListItem\",\"position\":1,\"name\":\"In\u00edcio\",\"item\":\"http:\/\/lorando.com.br\/ensaiofotografico\/\"},{\"@type\":\"ListItem\",\"position\":2,\"name\":\"Fale com o fot\u00f3grafo\"}]},{\"@type\":\"WebSite\",\"@id\":\"http:\/\/lorando.com.br\/ensaiofotografico\/#website\",\"url\":\"http:\/\/lorando.com.br\/ensaiofotografico\/\",\"name\":\"Ensaio Fotogr\u00e1fico - Lorando Labbe\",\"description\":\"Website com ensaios do fot\u00f3grafo carioca Lorando Labbe\",\"publisher\":{\"@id\":\"http:\/\/lorando.com.br\/ensaiofotografico\/#organization\"},\"potentialAction\":[{\"@type\":\"SearchAction\",\"target\":{\"@type\":\"EntryPoint\",\"urlTemplate\":\"http:\/\/lorando.com.br\/ensaiofotografico\/?s={search_term_string}\"},\"query-input\":{\"@type\":\"PropertyValueSpecification\",\"valueRequired\":true,\"valueName\":\"search_term_string\"}}],\"inLanguage\":\"pt-BR\"},{\"@type\":\"Organization\",\"@id\":\"http:\/\/lorando.com.br\/ensaiofotografico\/#organization\",\"name\":\"Ensaio Fotogr\u00e1fico - Lorando Labbe\",\"url\":\"http:\/\/lorando.com.br\/ensaiofotografico\/\",\"logo\":{\"@type\":\"ImageObject\",\"inLanguage\":\"pt-BR\",\"@id\":\"http:\/\/lorando.com.br\/ensaiofotografico\/#\/schema\/logo\/image\/\",\"url\":\"https:\/\/lorando.com.br\/ensaiofotografico\/wp-content\/uploads\/sites\/3\/2020\/08\/cropped-Logo-Site-Retangular-02.png\",\"contentUrl\":\"https:\/\/lorando.com.br\/ensaiofotografico\/wp-content\/uploads\/sites\/3\/2020\/08\/cropped-Logo-Site-Retangular-02.png\",\"width\":1140,\"height\":423,\"caption\":\"Ensaio Fotogr\u00e1fico - Lorando Labbe\"},\"image\":{\"@id\":\"http:\/\/lorando.com.br\/ensaiofotografico\/#\/schema\/logo\/image\/\"},\"sameAs\":[\"https:\/\/www.facebook.com\/lorandoensaios\",\"https:\/\/www.instagram.com\/lorando.labbe\/\"]}]}<\/script>\n<!-- \/ Yoast SEO plugin. -->","yoast_head_json":{"title":"Fale com o fot\u00f3grafo - Ensaio Fotogr\u00e1fico - Lorando Labbe","robots":{"index":"index","follow":"follow","max-snippet":"max-snippet:-1","max-image-preview":"max-image-preview:large","max-video-preview":"max-video-preview:-1"},"canonical":"http:\/\/lorando.com.br\/ensaiofotografico\/fale-com-o-fotografo\/","og_locale":"pt_BR","og_type":"article","og_title":"Fale com o fot\u00f3grafo - Ensaio Fotogr\u00e1fico - Lorando Labbe","og_description":"Ol\u00e1. Obrigado por ter dedicado um pouco do seu tempo pra ver o meu trabalho. Espero que tenha gostado. Se voc\u00ea deseja ter mais informa\u00e7\u00f5es sobre o ensaio fotogr\u00e1fico, me&hellip;  Leia mais","og_url":"http:\/\/lorando.com.br\/ensaiofotografico\/fale-com-o-fotografo\/","og_site_name":"Ensaio Fotogr\u00e1fico - Lorando Labbe","article_publisher":"https:\/\/www.facebook.com\/lorandoensaios","article_modified_time":"2022-06-05T05:13:51+00:00","og_image":[{"width":1200,"height":800,"url":"http:\/\/lorando.com.br\/ensaiofotografico\/wp-content\/uploads\/sites\/3\/2019\/12\/Ensaio-Fotografico-Feminino-cover.jpg","type":"image\/jpeg"}],"twitter_card":"summary_large_image","twitter_misc":{"Est. tempo de leitura":"1 minuto"},"schema":{"@context":"https:\/\/schema.org","@graph":[{"@type":"WebPage","@id":"http:\/\/lorando.com.br\/ensaiofotografico\/fale-com-o-fotografo\/","url":"http:\/\/lorando.com.br\/ensaiofotografico\/fale-com-o-fotografo\/","name":"Fale com o fot\u00f3grafo - Ensaio Fotogr\u00e1fico - Lorando Labbe","isPartOf":{"@id":"http:\/\/lorando.com.br\/ensaiofotografico\/#website"},"primaryImageOfPage":{"@id":"http:\/\/lorando.com.br\/ensaiofotografico\/fale-com-o-fotografo\/#primaryimage"},"image":{"@id":"http:\/\/lorando.com.br\/ensaiofotografico\/fale-com-o-fotografo\/#primaryimage"},"thumbnailUrl":"https:\/\/lorando.com.br\/ensaiofotografico\/wp-content\/uploads\/sites\/3\/2019\/12\/Ensaio-Fotografico-Feminino-cover.jpg","datePublished":"2019-06-04T06:39:05+00:00","dateModified":"2022-06-05T05:13:51+00:00","breadcrumb":{"@id":"http:\/\/lorando.com.br\/ensaiofotografico\/fale-com-o-fotografo\/#breadcrumb"},"inLanguage":"pt-BR","potentialAction":[{"@type":"ReadAction","target":["http:\/\/lorando.com.br\/ensaiofotografico\/fale-com-o-fotografo\/"]}]},{"@type":"ImageObject","inLanguage":"pt-BR","@id":"http:\/\/lorando.com.br\/ensaiofotografico\/fale-com-o-fotografo\/#primaryimage","url":"https:\/\/lorando.com.br\/ensaiofotografico\/wp-content\/uploads\/sites\/3\/2019\/12\/Ensaio-Fotografico-Feminino-cover.jpg","contentUrl":"https:\/\/lorando.com.br\/ensaiofotografico\/wp-content\/uploads\/sites\/3\/2019\/12\/Ensaio-Fotografico-Feminino-cover.jpg","width":1200,"height":800},{"@type":"BreadcrumbList","@id":"http:\/\/lorando.com.br\/ensaiofotografico\/fale-com-o-fotografo\/#breadcrumb","itemListElement":[{"@type":"ListItem","position":1,"name":"In\u00edcio","item":"http:\/\/lorando.com.br\/ensaiofotografico\/"},{"@type":"ListItem","position":2,"name":"Fale com o fot\u00f3grafo"}]},{"@type":"WebSite","@id":"http:\/\/lorando.com.br\/ensaiofotografico\/#website","url":"http:\/\/lorando.com.br\/ensaiofotografico\/","name":"Ensaio Fotogr\u00e1fico - Lorando Labbe","description":"Website com ensaios do fot\u00f3grafo carioca Lorando Labbe","publisher":{"@id":"http:\/\/lorando.com.br\/ensaiofotografico\/#organization"},"potentialAction":[{"@type":"SearchAction","target":{"@type":"EntryPoint","urlTemplate":"http:\/\/lorando.com.br\/ensaiofotografico\/?s={search_term_string}"},"query-input":{"@type":"PropertyValueSpecification","valueRequired":true,"valueName":"search_term_string"}}],"inLanguage":"pt-BR"},{"@type":"Organization","@id":"http:\/\/lorando.com.br\/ensaiofotografico\/#organization","name":"Ensaio Fotogr\u00e1fico - Lorando Labbe","url":"http:\/\/lorando.com.br\/ensaiofotografico\/","logo":{"@type":"ImageObject","inLanguage":"pt-BR","@id":"http:\/\/lorando.com.br\/ensaiofotografico\/#\/schema\/logo\/image\/","url":"https:\/\/lorando.com.br\/ensaiofotografico\/wp-content\/uploads\/sites\/3\/2020\/08\/cropped-Logo-Site-Retangular-02.png","contentUrl":"https:\/\/lorando.com.br\/ensaiofotografico\/wp-content\/uploads\/sites\/3\/2020\/08\/cropped-Logo-Site-Retangular-02.png","width":1140,"height":423,"caption":"Ensaio Fotogr\u00e1fico - Lorando Labbe"},"image":{"@id":"http:\/\/lorando.com.br\/ensaiofotografico\/#\/schema\/logo\/image\/"},"sameAs":["https:\/\/www.facebook.com\/lorandoensaios","https:\/\/www.instagram.com\/lorando.labbe\/"]}]}},"_links":{"self":[{"href":"https:\/\/lorando.com.br\/ensaiofotografico\/wp-json\/wp\/v2\/pages\/49","targetHints":{"allow":["GET"]}}],"collection":[{"href":"https:\/\/lorando.com.br\/ensaiofotografico\/wp-json\/wp\/v2\/pages"}],"about":[{"href":"https:\/\/lorando.com.br\/ensaiofotografico\/wp-json\/wp\/v2\/types\/page"}],"author":[{"embeddable":true,"href":"https:\/\/lorando.com.br\/ensaiofotografico\/wp-json\/wp\/v2\/users\/1"}],"replies":[{"embeddable":true,"href":"https:\/\/lorando.com.br\/ensaiofotografico\/wp-json\/wp\/v2\/comments?post=49"}],"version-history":[{"count":25,"href":"https:\/\/lorando.com.br\/ensaiofotografico\/wp-json\/wp\/v2\/pages\/49\/revisions"}],"predecessor-version":[{"id":1260,"href":"https:\/\/lorando.com.br\/ensaiofotografico\/wp-json\/wp\/v2\/pages\/49\/revisions\/1260"}],"wp:featuredmedia":[{"embeddable":true,"href":"https:\/\/lorando.com.br\/ensaiofotografico\/wp-json\/wp\/v2\/media\/11"}],"wp:attachment":[{"href":"https:\/\/lorando.com.br\/ensaiofotografico\/wp-json\/wp\/v2\/media?parent=49"}],"curies":[{"name":"wp","href":"https:\/\/api.w.org\/{rel}","templated":true}]}}