{"id":215,"date":"2021-09-20T14:03:59","date_gmt":"2021-09-20T17:03:59","guid":{"rendered":"http:\/\/lorando.com.br\/festaseeventos\/?page_id=215"},"modified":"2021-09-20T14:04:01","modified_gmt":"2021-09-20T17:04:01","slug":"politica-de-privacidade","status":"publish","type":"page","link":"https:\/\/lorando.com.br\/festaseeventos\/politica-de-privacidade\/","title":{"rendered":"Pol\u00edtica de Privacidade"},"content":{"rendered":"\n<p id=\"block-9d2a9baf-5444-4362-a36f-74ddceb7d66a\">Para que entendam melhor quais informa\u00e7\u00f5es coletadas e como s\u00e3o utilizadas, armazenadas ou exclu\u00edda, detalhamos a seguir nossa Pol\u00edtica de Privacidade.<\/p>\n\n\n\n<h2 class=\"wp-block-heading\" id=\"block-c3c539c3-1083-4e0b-84fd-0b945e906441\">Quais dados pessoais coletamos e porque<\/h2>\n\n\n\n<h3 class=\"wp-block-heading\" id=\"block-60159175-2fe3-4775-be34-3e5e6c837666\">Fale Com o Fot\u00f3grafo<\/h3>\n\n\n\n<p id=\"block-d46b1c7d-ff03-467a-b962-d4bfe1c1cca2\">Quando os visitantes desejam entrar em contato com o fot\u00f3grafo para obter alguma informa\u00e7\u00e3o sobre o servi\u00e7o fotogr\u00e1fico, coletamos os dados do formul\u00e1rio, al\u00e9m do endere\u00e7o IP e informa\u00e7\u00f5es do navegador com o objetivo de detectar tentativas de Spam.<\/p>\n\n\n\n<h3 class=\"wp-block-heading\" id=\"block-27f9681e-961b-4a71-9c68-dd7ac710e0f4\">Coment\u00e1rios<\/h3>\n\n\n\n<p id=\"block-949aea59-3874-40b7-b7f5-6250323dd7b7\">Quando os visitantes deixam coment\u00e1rios no site, coletamos os dados mostrados no formul\u00e1rio de coment\u00e1rios, al\u00e9m do endere\u00e7o de IP e de dados do navegador do visitante, para auxiliar na detec\u00e7\u00e3o de spam.<\/p>\n\n\n\n<p id=\"block-2fbd4808-bad9-4396-8ed5-c067fe459e6e\">Uma sequ\u00eancia anonimizada de caracteres criada a partir do seu e-mail (tamb\u00e9m chamada de hash) poder\u00e1 ser enviada para o Gravatar para verificar se voc\u00ea usa o servi\u00e7o. A pol\u00edtica de privacidade do Gravatar est\u00e1 dispon\u00edvel aqui: https:\/\/automattic.com\/privacy\/. Depois da aprova\u00e7\u00e3o do seu coment\u00e1rio, a foto do seu perfil fica vis\u00edvel publicamente junto de seu coment\u00e1rio.<\/p>\n\n\n\n<h3 class=\"wp-block-heading\" id=\"block-6d406003-bdb9-4e75-9d9c-db3333556bb9\">Cookies<\/h3>\n\n\n\n<p id=\"block-e3182062-26f6-41df-9abe-f0e83c9095eb\">Cookies s\u00e3o pequenos arquivos de dados que s\u00e3o colocados no seu computador ou em outros dispositivos (como &#8216;smartphones&#8217; ou &#8216;tablets&#8217;) enquanto voc\u00ea navega no site.<\/p>\n\n\n\n<p id=\"block-5a7d284c-c1f7-4690-af0f-0f29edb06623\">Utilizamos cookies, pixels e outras tecnologias (coletivamente, &#8220;cookies&#8221;) para reconhecer seu navegador ou dispositivo, aprender mais sobre seus interesses, fornecer recursos e servi\u00e7os essenciais e tamb\u00e9m para:<\/p>\n\n\n\n<p id=\"block-c788bd04-755a-46e2-8ed6-2074d354de79\">\u00b7 acompanhar suas prefer\u00eancias para enviar somente an\u00fancios de seu interesse. Voc\u00ea pode definir suas prefer\u00eancias por meio de sua conta;<\/p>\n\n\n\n<p id=\"block-1a9b28ed-908c-49cc-8293-288a0c2267f2\">\u00b7 realiza\u00e7\u00e3o de pesquisas e diagn\u00f3sticos para melhorar o conte\u00fado, produtos e servi\u00e7os;<\/p>\n\n\n\n<p id=\"block-9b5f2abc-7eb1-47ec-88ae-5d08b6c626e7\">\u00b7 impedir atividades fraudulentas;<\/p>\n\n\n\n<p id=\"block-166bfd73-0968-4a09-9a51-7b9022b11515\">\u00b7 melhorar a seguran\u00e7a.<\/p>\n\n\n\n<p id=\"block-344bbe37-f926-4f55-ad0e-1a83efd071ec\">Ao deixar um coment\u00e1rio no site, voc\u00ea poder\u00e1 optar por salvar seu nome, e-mail e site nos cookies. Isso visa seu conforto, assim voc\u00ea n\u00e3o precisar\u00e1 preencher seus dados novamente quando fizer outro coment\u00e1rio. Estes cookies duram um ano.<\/p>\n\n\n\n<p id=\"block-168d0c3f-ee0b-446e-892d-9d8ed91ee012\">Se voc\u00ea tem uma conta e acessa este site, um cookie tempor\u00e1rio ser\u00e1 criado para determinar se seu navegador aceita cookies. Ele n\u00e3o cont\u00e9m nenhum dado pessoal e ser\u00e1 descartado quando voc\u00ea fechar seu navegador.<\/p>\n\n\n\n<p id=\"block-4d9e925d-be83-472d-aa3c-a8748d2a2b59\">Quando voc\u00ea acessa sua conta no site, tamb\u00e9m criamos v\u00e1rios cookies para salvar os dados da sua conta e suas escolhas de exibi\u00e7\u00e3o de tela. Cookies de login s\u00e3o mantidos por dois dias e cookies de op\u00e7\u00f5es de tela por um ano. Se voc\u00ea selecionar &#8220;Lembrar-me&#8221;, seu acesso ser\u00e1 mantido por duas semanas. Se voc\u00ea se desconectar da sua conta, os cookies de login ser\u00e3o removidos.<\/p>\n\n\n\n<h3 class=\"wp-block-heading\" id=\"block-cc2a2b01-02c8-44be-9484-b363a9ac5ecf\">M\u00eddia incorporada de outros sites<\/h3>\n\n\n\n<p id=\"block-d835788e-5ce5-4a47-b77a-e68c35775e6c\">Artigos neste site podem incluir conte\u00fado incorporado como, por exemplo, v\u00eddeos, imagens, artigos, etc. Conte\u00fados incorporados de outros sites se comportam exatamente da mesma forma como se o visitante estivesse visitando o outro site.<\/p>\n\n\n\n<p id=\"block-096e8b1d-d3c1-46a8-849e-753f0ca18a12\">Estes sites podem coletar dados sobre voc\u00ea, usar cookies, incorporar rastreamento adicional de terceiros e monitorar sua intera\u00e7\u00e3o com este conte\u00fado incorporado, incluindo sua intera\u00e7\u00e3o com o conte\u00fado incorporado se voc\u00ea tem uma conta e est\u00e1 conectado com o site.<\/p>\n\n\n\n<h2 class=\"wp-block-heading\" id=\"block-cffa000d-f977-40ba-a13d-6dcb9d300a95\">Por quanto tempo mantemos os seus dados<\/h2>\n\n\n\n<p id=\"block-e9e7459b-24b5-4928-8021-7b9dc4e6cc2e\">Se voc\u00ea deixar um coment\u00e1rio, o coment\u00e1rio e os seus metadados s\u00e3o conservados indefinidamente. Fazemos isso para que seja poss\u00edvel reconhecer e aprovar automaticamente qualquer coment\u00e1rio posterior ao inv\u00e9s de ret\u00ea-lo para modera\u00e7\u00e3o.<\/p>\n\n\n\n<p id=\"block-510b181a-1749-4daf-9534-3d7baf57fb26\">Para usu\u00e1rios registrados no nosso site, tamb\u00e9m guardamos as informa\u00e7\u00f5es pessoais que fornecem no seu perfil de usu\u00e1rio. Os administradores de sites tamb\u00e9m podem ver e editar estas informa\u00e7\u00f5es.<\/p>\n\n\n\n<h2 class=\"wp-block-heading\" id=\"block-bdd5b2f1-3af7-4ac7-8a69-d608988d3295\">Quais os seus direitos sobre seus dados<\/h2>\n\n\n\n<p id=\"block-521660cc-1463-416d-9f27-a90bd651e74c\">Se voc\u00ea tiver uma conta neste site ou se tiver deixado coment\u00e1rios, pode solicitar um arquivo exportado dos dados pessoais que mantemos sobre voc\u00ea, inclusive quaisquer dados que nos tenha fornecido. Tamb\u00e9m pode solicitar que removamos qualquer dado pessoal que mantemos sobre voc\u00ea. Isto n\u00e3o inclui nenhuns dados que somos obrigados a manter para prop\u00f3sitos administrativos, legais ou de seguran\u00e7a.<\/p>\n\n\n\n<h2 class=\"wp-block-heading\" id=\"block-3a45e2a8-f84e-4809-b447-d2e6f9f50114\">Para onde enviamos seus dados<\/h2>\n\n\n\n<p id=\"block-8a7b876c-57a2-4e33-a54a-39fc4db22862\">Coment\u00e1rios de visitantes podem ser marcados por um servi\u00e7o autom\u00e1tico de detec\u00e7\u00e3o de spam.<\/p>\n\n\n\n<h2 class=\"wp-block-heading\" id=\"block-1743b513-0606-4254-baa9-de9ca3773edc\">Legisla\u00e7\u00e3o e foro<\/h2>\n\n\n\n<p id=\"block-038ecd25-e43c-4272-bc93-17293743b06e\">Esta pol\u00edtica ser\u00e1 regida, interpretada e executada de acordo com as Leis da Rep\u00fablica Federativa do Brasil, especialmente a Lei n\u00ba 13.709\/2018, independentemente das Leis de outros estados ou pa\u00edses, sendo competente o foro de domic\u00edlio do Cliente para dirimir qualquer d\u00favida decorrente deste documento.<\/p>\n","protected":false},"excerpt":{"rendered":"<p>Para que entendam melhor quais informa\u00e7\u00f5es coletadas e como s\u00e3o utilizadas, armazenadas ou exclu\u00edda, detalhamos a seguir nossa Pol\u00edtica de Privacidade. Quais dados pessoais coletamos e porque&hellip;<\/p>\n<p> <a class=\"more-link\" href=\"https:\/\/lorando.com.br\/festaseeventos\/politica-de-privacidade\/\">Leia mais<\/a><\/p>\n","protected":false},"author":1,"featured_media":7,"parent":0,"menu_order":0,"comment_status":"closed","ping_status":"closed","template":"","meta":{"_monsterinsights_skip_tracking":false,"_monsterinsights_sitenote_active":false,"_monsterinsights_sitenote_note":"","_monsterinsights_sitenote_category":0,"footnotes":""},"class_list":["post-215","page","type-page","status-publish","has-post-thumbnail"],"yoast_head":"<!-- This site is optimized with the Yoast SEO plugin v25.3 - https:\/\/yoast.com\/wordpress\/plugins\/seo\/ -->\n<title>Pol\u00edtica de Privacidade - Festas e Eventos - Fot\u00f3grafo Lorando Labbe<\/title>\n<meta name=\"robots\" content=\"index, follow, max-snippet:-1, max-image-preview:large, max-video-preview:-1\" \/>\n<link rel=\"canonical\" href=\"https:\/\/lorando.com.br\/festaseeventos\/politica-de-privacidade\/\" \/>\n<meta property=\"og:locale\" content=\"pt_BR\" \/>\n<meta property=\"og:type\" content=\"article\" \/>\n<meta property=\"og:title\" content=\"Pol\u00edtica de Privacidade - Festas e Eventos - Fot\u00f3grafo Lorando Labbe\" \/>\n<meta property=\"og:description\" content=\"Para que entendam melhor quais informa\u00e7\u00f5es coletadas e como s\u00e3o utilizadas, armazenadas ou exclu\u00edda, detalhamos a seguir nossa Pol\u00edtica de Privacidade. Quais dados pessoais coletamos e porque&hellip;  Leia mais\" \/>\n<meta property=\"og:url\" content=\"https:\/\/lorando.com.br\/festaseeventos\/politica-de-privacidade\/\" \/>\n<meta property=\"og:site_name\" content=\"Festas e Eventos - Fot\u00f3grafo Lorando Labbe\" \/>\n<meta property=\"article:modified_time\" content=\"2021-09-20T17:04:01+00:00\" \/>\n<meta property=\"og:image\" content=\"https:\/\/lorando.com.br\/festaseeventos\/wp-content\/uploads\/sites\/5\/2019\/12\/foto-de-festa-infantil-lorando-labbe.jpg\" \/>\n\t<meta property=\"og:image:width\" content=\"1024\" \/>\n\t<meta property=\"og:image:height\" content=\"683\" \/>\n\t<meta property=\"og:image:type\" content=\"image\/jpeg\" \/>\n<meta name=\"twitter:card\" content=\"summary_large_image\" \/>\n<meta name=\"twitter:label1\" content=\"Est. tempo de leitura\" \/>\n\t<meta name=\"twitter:data1\" content=\"3 minutos\" \/>\n<script type=\"application\/ld+json\" class=\"yoast-schema-graph\">{\"@context\":\"https:\/\/schema.org\",\"@graph\":[{\"@type\":\"WebPage\",\"@id\":\"https:\/\/lorando.com.br\/festaseeventos\/politica-de-privacidade\/\",\"url\":\"https:\/\/lorando.com.br\/festaseeventos\/politica-de-privacidade\/\",\"name\":\"Pol\u00edtica de Privacidade - Festas e Eventos - Fot\u00f3grafo Lorando Labbe\",\"isPartOf\":{\"@id\":\"https:\/\/lorando.com.br\/festaseeventos\/#website\"},\"primaryImageOfPage\":{\"@id\":\"https:\/\/lorando.com.br\/festaseeventos\/politica-de-privacidade\/#primaryimage\"},\"image\":{\"@id\":\"https:\/\/lorando.com.br\/festaseeventos\/politica-de-privacidade\/#primaryimage\"},\"thumbnailUrl\":\"https:\/\/lorando.com.br\/festaseeventos\/wp-content\/uploads\/sites\/5\/2019\/12\/foto-de-festa-infantil-lorando-labbe.jpg\",\"datePublished\":\"2021-09-20T17:03:59+00:00\",\"dateModified\":\"2021-09-20T17:04:01+00:00\",\"breadcrumb\":{\"@id\":\"https:\/\/lorando.com.br\/festaseeventos\/politica-de-privacidade\/#breadcrumb\"},\"inLanguage\":\"pt-BR\",\"potentialAction\":[{\"@type\":\"ReadAction\",\"target\":[\"https:\/\/lorando.com.br\/festaseeventos\/politica-de-privacidade\/\"]}]},{\"@type\":\"ImageObject\",\"inLanguage\":\"pt-BR\",\"@id\":\"https:\/\/lorando.com.br\/festaseeventos\/politica-de-privacidade\/#primaryimage\",\"url\":\"https:\/\/lorando.com.br\/festaseeventos\/wp-content\/uploads\/sites\/5\/2019\/12\/foto-de-festa-infantil-lorando-labbe.jpg\",\"contentUrl\":\"https:\/\/lorando.com.br\/festaseeventos\/wp-content\/uploads\/sites\/5\/2019\/12\/foto-de-festa-infantil-lorando-labbe.jpg\",\"width\":1024,\"height\":683},{\"@type\":\"BreadcrumbList\",\"@id\":\"https:\/\/lorando.com.br\/festaseeventos\/politica-de-privacidade\/#breadcrumb\",\"itemListElement\":[{\"@type\":\"ListItem\",\"position\":1,\"name\":\"In\u00edcio\",\"item\":\"https:\/\/lorando.com.br\/festaseeventos\/\"},{\"@type\":\"ListItem\",\"position\":2,\"name\":\"Pol\u00edtica de Privacidade\"}]},{\"@type\":\"WebSite\",\"@id\":\"https:\/\/lorando.com.br\/festaseeventos\/#website\",\"url\":\"https:\/\/lorando.com.br\/festaseeventos\/\",\"name\":\"Festas e Eventos - Fot\u00f3grafo Lorando Labbe\",\"description\":\"Fotografia de festas e eventos do fot\u00f3grafo carioca Lorando Labbe\",\"publisher\":{\"@id\":\"https:\/\/lorando.com.br\/festaseeventos\/#organization\"},\"potentialAction\":[{\"@type\":\"SearchAction\",\"target\":{\"@type\":\"EntryPoint\",\"urlTemplate\":\"https:\/\/lorando.com.br\/festaseeventos\/?s={search_term_string}\"},\"query-input\":{\"@type\":\"PropertyValueSpecification\",\"valueRequired\":true,\"valueName\":\"search_term_string\"}}],\"inLanguage\":\"pt-BR\"},{\"@type\":\"Organization\",\"@id\":\"https:\/\/lorando.com.br\/festaseeventos\/#organization\",\"name\":\"Festas e Eventos - Fot\u00f3grafo Lorando Labbe\",\"url\":\"https:\/\/lorando.com.br\/festaseeventos\/\",\"logo\":{\"@type\":\"ImageObject\",\"inLanguage\":\"pt-BR\",\"@id\":\"https:\/\/lorando.com.br\/festaseeventos\/#\/schema\/logo\/image\/\",\"url\":\"https:\/\/lorando.com.br\/festaseeventos\/wp-content\/uploads\/sites\/5\/2020\/08\/cropped-Logo-Site-Retangular-01.png\",\"contentUrl\":\"https:\/\/lorando.com.br\/festaseeventos\/wp-content\/uploads\/sites\/5\/2020\/08\/cropped-Logo-Site-Retangular-01.png\",\"width\":1140,\"height\":423,\"caption\":\"Festas e Eventos - Fot\u00f3grafo Lorando Labbe\"},\"image\":{\"@id\":\"https:\/\/lorando.com.br\/festaseeventos\/#\/schema\/logo\/image\/\"}}]}<\/script>\n<!-- \/ Yoast SEO plugin. -->","yoast_head_json":{"title":"Pol\u00edtica de Privacidade - Festas e Eventos - Fot\u00f3grafo Lorando Labbe","robots":{"index":"index","follow":"follow","max-snippet":"max-snippet:-1","max-image-preview":"max-image-preview:large","max-video-preview":"max-video-preview:-1"},"canonical":"https:\/\/lorando.com.br\/festaseeventos\/politica-de-privacidade\/","og_locale":"pt_BR","og_type":"article","og_title":"Pol\u00edtica de Privacidade - Festas e Eventos - Fot\u00f3grafo Lorando Labbe","og_description":"Para que entendam melhor quais informa\u00e7\u00f5es coletadas e como s\u00e3o utilizadas, armazenadas ou exclu\u00edda, detalhamos a seguir nossa Pol\u00edtica de Privacidade. Quais dados pessoais coletamos e porque&hellip;  Leia mais","og_url":"https:\/\/lorando.com.br\/festaseeventos\/politica-de-privacidade\/","og_site_name":"Festas e Eventos - Fot\u00f3grafo Lorando Labbe","article_modified_time":"2021-09-20T17:04:01+00:00","og_image":[{"width":1024,"height":683,"url":"https:\/\/lorando.com.br\/festaseeventos\/wp-content\/uploads\/sites\/5\/2019\/12\/foto-de-festa-infantil-lorando-labbe.jpg","type":"image\/jpeg"}],"twitter_card":"summary_large_image","twitter_misc":{"Est. tempo de leitura":"3 minutos"},"schema":{"@context":"https:\/\/schema.org","@graph":[{"@type":"WebPage","@id":"https:\/\/lorando.com.br\/festaseeventos\/politica-de-privacidade\/","url":"https:\/\/lorando.com.br\/festaseeventos\/politica-de-privacidade\/","name":"Pol\u00edtica de Privacidade - Festas e Eventos - Fot\u00f3grafo Lorando Labbe","isPartOf":{"@id":"https:\/\/lorando.com.br\/festaseeventos\/#website"},"primaryImageOfPage":{"@id":"https:\/\/lorando.com.br\/festaseeventos\/politica-de-privacidade\/#primaryimage"},"image":{"@id":"https:\/\/lorando.com.br\/festaseeventos\/politica-de-privacidade\/#primaryimage"},"thumbnailUrl":"https:\/\/lorando.com.br\/festaseeventos\/wp-content\/uploads\/sites\/5\/2019\/12\/foto-de-festa-infantil-lorando-labbe.jpg","datePublished":"2021-09-20T17:03:59+00:00","dateModified":"2021-09-20T17:04:01+00:00","breadcrumb":{"@id":"https:\/\/lorando.com.br\/festaseeventos\/politica-de-privacidade\/#breadcrumb"},"inLanguage":"pt-BR","potentialAction":[{"@type":"ReadAction","target":["https:\/\/lorando.com.br\/festaseeventos\/politica-de-privacidade\/"]}]},{"@type":"ImageObject","inLanguage":"pt-BR","@id":"https:\/\/lorando.com.br\/festaseeventos\/politica-de-privacidade\/#primaryimage","url":"https:\/\/lorando.com.br\/festaseeventos\/wp-content\/uploads\/sites\/5\/2019\/12\/foto-de-festa-infantil-lorando-labbe.jpg","contentUrl":"https:\/\/lorando.com.br\/festaseeventos\/wp-content\/uploads\/sites\/5\/2019\/12\/foto-de-festa-infantil-lorando-labbe.jpg","width":1024,"height":683},{"@type":"BreadcrumbList","@id":"https:\/\/lorando.com.br\/festaseeventos\/politica-de-privacidade\/#breadcrumb","itemListElement":[{"@type":"ListItem","position":1,"name":"In\u00edcio","item":"https:\/\/lorando.com.br\/festaseeventos\/"},{"@type":"ListItem","position":2,"name":"Pol\u00edtica de Privacidade"}]},{"@type":"WebSite","@id":"https:\/\/lorando.com.br\/festaseeventos\/#website","url":"https:\/\/lorando.com.br\/festaseeventos\/","name":"Festas e Eventos - Fot\u00f3grafo Lorando Labbe","description":"Fotografia de festas e eventos do fot\u00f3grafo carioca Lorando Labbe","publisher":{"@id":"https:\/\/lorando.com.br\/festaseeventos\/#organization"},"potentialAction":[{"@type":"SearchAction","target":{"@type":"EntryPoint","urlTemplate":"https:\/\/lorando.com.br\/festaseeventos\/?s={search_term_string}"},"query-input":{"@type":"PropertyValueSpecification","valueRequired":true,"valueName":"search_term_string"}}],"inLanguage":"pt-BR"},{"@type":"Organization","@id":"https:\/\/lorando.com.br\/festaseeventos\/#organization","name":"Festas e Eventos - Fot\u00f3grafo Lorando Labbe","url":"https:\/\/lorando.com.br\/festaseeventos\/","logo":{"@type":"ImageObject","inLanguage":"pt-BR","@id":"https:\/\/lorando.com.br\/festaseeventos\/#\/schema\/logo\/image\/","url":"https:\/\/lorando.com.br\/festaseeventos\/wp-content\/uploads\/sites\/5\/2020\/08\/cropped-Logo-Site-Retangular-01.png","contentUrl":"https:\/\/lorando.com.br\/festaseeventos\/wp-content\/uploads\/sites\/5\/2020\/08\/cropped-Logo-Site-Retangular-01.png","width":1140,"height":423,"caption":"Festas e Eventos - Fot\u00f3grafo Lorando Labbe"},"image":{"@id":"https:\/\/lorando.com.br\/festaseeventos\/#\/schema\/logo\/image\/"}}]}},"_links":{"self":[{"href":"https:\/\/lorando.com.br\/festaseeventos\/wp-json\/wp\/v2\/pages\/215","targetHints":{"allow":["GET"]}}],"collection":[{"href":"https:\/\/lorando.com.br\/festaseeventos\/wp-json\/wp\/v2\/pages"}],"about":[{"href":"https:\/\/lorando.com.br\/festaseeventos\/wp-json\/wp\/v2\/types\/page"}],"author":[{"embeddable":true,"href":"https:\/\/lorando.com.br\/festaseeventos\/wp-json\/wp\/v2\/users\/1"}],"replies":[{"embeddable":true,"href":"https:\/\/lorando.com.br\/festaseeventos\/wp-json\/wp\/v2\/comments?post=215"}],"version-history":[{"count":1,"href":"https:\/\/lorando.com.br\/festaseeventos\/wp-json\/wp\/v2\/pages\/215\/revisions"}],"predecessor-version":[{"id":216,"href":"https:\/\/lorando.com.br\/festaseeventos\/wp-json\/wp\/v2\/pages\/215\/revisions\/216"}],"wp:featuredmedia":[{"embeddable":true,"href":"https:\/\/lorando.com.br\/festaseeventos\/wp-json\/wp\/v2\/media\/7"}],"wp:attachment":[{"href":"https:\/\/lorando.com.br\/festaseeventos\/wp-json\/wp\/v2\/media?parent=215"}],"curies":[{"name":"wp","href":"https:\/\/api.w.org\/{rel}","templated":true}]}}