{"id":8279,"date":"2019-10-08T18:19:44","date_gmt":"2019-10-08T21:19:44","guid":{"rendered":"http:\/\/teste.lorando.com.br\/fotodecasamento\/?page_id=8279"},"modified":"2020-08-19T21:23:28","modified_gmt":"2020-08-20T00:23:28","slug":"fotografo-de-casamento-lorando-labbe-teste","status":"publish","type":"page","link":"https:\/\/lorando.com.br\/fotodecasamento\/","title":{"rendered":"Fot\u00f3grafo de Casamento &#8211; Lorando Labbe"},"content":{"rendered":"\t\t<div data-elementor-type=\"wp-page\" data-elementor-id=\"8279\" class=\"elementor elementor-8279\">\n\t\t\t\t\t\t<section class=\"elementor-section elementor-top-section elementor-element elementor-element-46a8db1 elementor-section-full_width elementor-section-height-full elementor-section-height-default elementor-section-items-middle\" data-id=\"46a8db1\" data-element_type=\"section\">\n\t\t\t\t\t\t<div class=\"elementor-container elementor-column-gap-no\">\n\t\t\t\t\t<div class=\"elementor-column elementor-col-100 elementor-top-column elementor-element elementor-element-24bd0ee\" data-id=\"24bd0ee\" data-element_type=\"column\">\n\t\t\t<div class=\"elementor-widget-wrap elementor-element-populated\">\n\t\t\t\t\t\t<div class=\"elementor-element elementor-element-69c03ef elementor-widget elementor-widget-a13fe-scroller\" data-id=\"69c03ef\" data-element_type=\"widget\" data-widget_type=\"a13fe-scroller.default\">\n\t\t\t\t<div class=\"elementor-widget-container\">\n\t\t\t\t\t<div class=\"a13-scroller-stuff\">\t    <ul class=\"gallery-media-collection screen-reader-text\">\n\t\t\t\t<li class=\"gallery-item type-image subtype-jpeg\" data-id=\"17\" data-ratio_x=\"1\" data-bg_color=\"\" data-alt_attr=\"\" data-main-image=\"https:\/\/lorando.com.br\/fotodecasamento\/wp-content\/uploads\/sites\/2\/2019\/12\/foto-de-casamento-lorando-labbe-005.jpg\" data-brick_image=\"https:\/\/lorando.com.br\/fotodecasamento\/wp-content\/uploads\/sites\/2\/2019\/12\/foto-de-casamento-lorando-labbe-005.jpg\" data-thumb=\"https:\/\/lorando.com.br\/fotodecasamento\/wp-content\/uploads\/sites\/2\/2019\/12\/foto-de-casamento-lorando-labbe-005-150x150.jpg\" data-link_target=\"0\">\n\t\t<a class=\"item__link\" href=\"https:\/\/lorando.com.br\/fotodecasamento\/wp-content\/uploads\/sites\/2\/2019\/12\/foto-de-casamento-lorando-labbe-005.jpg\">foto-de-casamento-lorando-labbe-005<\/a>\n\t\t\t\t\t<div id=\"item-desc-1\" class=\"item-desc\"><\/div>\n\t\t\t<\/li>\n\t<li class=\"gallery-item type-image subtype-jpeg\" data-id=\"16\" data-ratio_x=\"1\" data-bg_color=\"\" data-alt_attr=\"\" data-main-image=\"https:\/\/lorando.com.br\/fotodecasamento\/wp-content\/uploads\/sites\/2\/2019\/12\/foto-de-casamento-lorando-labbe-004.jpg\" data-brick_image=\"https:\/\/lorando.com.br\/fotodecasamento\/wp-content\/uploads\/sites\/2\/2019\/12\/foto-de-casamento-lorando-labbe-004.jpg\" data-thumb=\"https:\/\/lorando.com.br\/fotodecasamento\/wp-content\/uploads\/sites\/2\/2019\/12\/foto-de-casamento-lorando-labbe-004-150x150.jpg\" data-link_target=\"0\">\n\t\t<a class=\"item__link\" href=\"https:\/\/lorando.com.br\/fotodecasamento\/wp-content\/uploads\/sites\/2\/2019\/12\/foto-de-casamento-lorando-labbe-004.jpg\">foto-de-casamento-lorando-labbe-004<\/a>\n\t\t\t\t\t<div id=\"item-desc-2\" class=\"item-desc\"><\/div>\n\t\t\t<\/li>\n\t<li class=\"gallery-item type-image subtype-jpeg\" data-id=\"18\" data-ratio_x=\"1\" data-bg_color=\"\" data-alt_attr=\"\" data-main-image=\"https:\/\/lorando.com.br\/fotodecasamento\/wp-content\/uploads\/sites\/2\/2019\/12\/foto-de-casamento-lorando-labbe-006.jpg\" data-brick_image=\"https:\/\/lorando.com.br\/fotodecasamento\/wp-content\/uploads\/sites\/2\/2019\/12\/foto-de-casamento-lorando-labbe-006.jpg\" data-thumb=\"https:\/\/lorando.com.br\/fotodecasamento\/wp-content\/uploads\/sites\/2\/2019\/12\/foto-de-casamento-lorando-labbe-006-150x150.jpg\" data-link_target=\"0\">\n\t\t<a class=\"item__link\" href=\"https:\/\/lorando.com.br\/fotodecasamento\/wp-content\/uploads\/sites\/2\/2019\/12\/foto-de-casamento-lorando-labbe-006.jpg\">foto-de-casamento-lorando-labbe-006<\/a>\n\t\t\t\t\t<div id=\"item-desc-3\" class=\"item-desc\"><\/div>\n\t\t\t<\/li>\n\t<li class=\"gallery-item type-image subtype-jpeg\" data-id=\"14\" data-ratio_x=\"1\" data-bg_color=\"\" data-alt_attr=\"\" data-main-image=\"https:\/\/lorando.com.br\/fotodecasamento\/wp-content\/uploads\/sites\/2\/2019\/12\/foto-de-casamento-lorando-labbe-002.jpg\" data-brick_image=\"https:\/\/lorando.com.br\/fotodecasamento\/wp-content\/uploads\/sites\/2\/2019\/12\/foto-de-casamento-lorando-labbe-002.jpg\" data-thumb=\"https:\/\/lorando.com.br\/fotodecasamento\/wp-content\/uploads\/sites\/2\/2019\/12\/foto-de-casamento-lorando-labbe-002-150x150.jpg\" data-link_target=\"0\">\n\t\t<a class=\"item__link\" href=\"https:\/\/lorando.com.br\/fotodecasamento\/wp-content\/uploads\/sites\/2\/2019\/12\/foto-de-casamento-lorando-labbe-002.jpg\">foto-de-casamento-lorando-labbe-002<\/a>\n\t\t\t\t\t<div id=\"item-desc-4\" class=\"item-desc\"><\/div>\n\t\t\t<\/li>\n\t<li class=\"gallery-item type-image subtype-jpeg\" data-id=\"13\" data-ratio_x=\"1\" data-bg_color=\"\" data-alt_attr=\"\" data-main-image=\"https:\/\/lorando.com.br\/fotodecasamento\/wp-content\/uploads\/sites\/2\/2019\/12\/foto-de-casamento-lorando-labbe-001.jpg\" data-brick_image=\"https:\/\/lorando.com.br\/fotodecasamento\/wp-content\/uploads\/sites\/2\/2019\/12\/foto-de-casamento-lorando-labbe-001.jpg\" data-thumb=\"https:\/\/lorando.com.br\/fotodecasamento\/wp-content\/uploads\/sites\/2\/2019\/12\/foto-de-casamento-lorando-labbe-001-150x150.jpg\" data-link_target=\"0\">\n\t\t<a class=\"item__link\" href=\"https:\/\/lorando.com.br\/fotodecasamento\/wp-content\/uploads\/sites\/2\/2019\/12\/foto-de-casamento-lorando-labbe-001.jpg\">foto-de-casamento-lorando-labbe-001<\/a>\n\t\t\t\t\t<div id=\"item-desc-5\" class=\"item-desc\"><\/div>\n\t\t\t<\/li>\n\t<li class=\"gallery-item type-image subtype-jpeg\" data-id=\"15\" data-ratio_x=\"1\" data-bg_color=\"\" data-alt_attr=\"\" data-main-image=\"https:\/\/lorando.com.br\/fotodecasamento\/wp-content\/uploads\/sites\/2\/2019\/12\/foto-de-casamento-lorando-labbe-003.jpg\" data-brick_image=\"https:\/\/lorando.com.br\/fotodecasamento\/wp-content\/uploads\/sites\/2\/2019\/12\/foto-de-casamento-lorando-labbe-003.jpg\" data-thumb=\"https:\/\/lorando.com.br\/fotodecasamento\/wp-content\/uploads\/sites\/2\/2019\/12\/foto-de-casamento-lorando-labbe-003-150x150.jpg\" data-link_target=\"0\">\n\t\t<a class=\"item__link\" href=\"https:\/\/lorando.com.br\/fotodecasamento\/wp-content\/uploads\/sites\/2\/2019\/12\/foto-de-casamento-lorando-labbe-003.jpg\">foto-de-casamento-lorando-labbe-003<\/a>\n\t\t\t\t\t<div id=\"item-desc-6\" class=\"item-desc\"><\/div>\n\t\t\t<\/li>\n\t<li class=\"gallery-item type-image subtype-jpeg\" data-id=\"8973\" data-ratio_x=\"1\" data-bg_color=\"\" data-alt_attr=\"\" data-main-image=\"https:\/\/lorando.com.br\/fotodecasamento\/wp-content\/uploads\/sites\/2\/2022\/05\/Fabiana-e-Thiago-219-2.jpg\" data-brick_image=\"https:\/\/lorando.com.br\/fotodecasamento\/wp-content\/uploads\/sites\/2\/2022\/05\/Fabiana-e-Thiago-219-2.jpg\" data-thumb=\"https:\/\/lorando.com.br\/fotodecasamento\/wp-content\/uploads\/sites\/2\/2022\/05\/Fabiana-e-Thiago-219-2-150x150.jpg\" data-link_target=\"0\">\n\t\t<a class=\"item__link\" href=\"https:\/\/lorando.com.br\/fotodecasamento\/wp-content\/uploads\/sites\/2\/2022\/05\/Fabiana-e-Thiago-219-2.jpg\">Fabiana-e-Thiago-219-2<\/a>\n\t\t\t\t\t<div id=\"item-desc-7\" class=\"item-desc\"><\/div>\n\t\t\t<\/li>\n\t<li class=\"gallery-item type-image subtype-jpeg\" data-id=\"8980\" data-ratio_x=\"1\" data-bg_color=\"\" data-alt_attr=\"\" data-main-image=\"https:\/\/lorando.com.br\/fotodecasamento\/wp-content\/uploads\/sites\/2\/2022\/05\/Fabiana-e-Thiago-285-2.jpg\" data-brick_image=\"https:\/\/lorando.com.br\/fotodecasamento\/wp-content\/uploads\/sites\/2\/2022\/05\/Fabiana-e-Thiago-285-2.jpg\" data-thumb=\"https:\/\/lorando.com.br\/fotodecasamento\/wp-content\/uploads\/sites\/2\/2022\/05\/Fabiana-e-Thiago-285-2-150x150.jpg\" data-link_target=\"0\">\n\t\t<a class=\"item__link\" href=\"https:\/\/lorando.com.br\/fotodecasamento\/wp-content\/uploads\/sites\/2\/2022\/05\/Fabiana-e-Thiago-285-2.jpg\">Fabiana-e-Thiago-285-2<\/a>\n\t\t\t\t\t<div id=\"item-desc-8\" class=\"item-desc\"><\/div>\n\t\t\t<\/li>\n\t\t<\/ul>\n\t    <div class=\"a13-scroller scroller-gallery-20 parallax opened-cover closed-cover\" data-scroller='{&quot;imagesLoaded&quot;:true,&quot;setGallerySize&quot;:false,&quot;resize&quot;:false,&quot;bgLazyLoad&quot;:2,&quot;arrowShape&quot;:{&quot;x0&quot;:25,&quot;x1&quot;:55,&quot;y1&quot;:40,&quot;x2&quot;:65,&quot;y2&quot;:40,&quot;x3&quot;:35},&quot;wrapAround&quot;:true,&quot;contain&quot;:true,&quot;freeScroll&quot;:false,&quot;prevNextButtons&quot;:true,&quot;pageDots&quot;:false,&quot;a13Parallax&quot;:true,&quot;a13Effect&quot;:&quot;grayscale&quot;,&quot;a13MainSlider&quot;:false,&quot;a13ShowDesc&quot;:false,&quot;a13CellWidth&quot;:&quot;33&quot;,&quot;a13CellWidthMobile&quot;:&quot;75&quot;,&quot;a13Ratio&quot;:&quot;16\\\/9&quot;,&quot;autoPlay&quot;:3000,&quot;pauseAutoPlayOnHover&quot;:true,&quot;a13WindowHigh&quot;:true,&quot;a13Socials&quot;:false}'><\/div><button class=\"scroll-below\">Clique aqui para rolar a p\u00e1gina abaixo<\/button><\/div>\t\t\t\t<\/div>\n\t\t\t\t<\/div>\n\t\t\t\t\t<\/div>\n\t\t<\/div>\n\t\t\t\t\t<\/div>\n\t\t<\/section>\n\t\t\t\t<\/div>\n\t\t","protected":false},"excerpt":{"rendered":"<p>foto-de-casamento-lorando-labbe-003 foto-de-casamento-lorando-labbe-005 foto-de-casamento-lorando-labbe-004 foto-de-casamento-lorando-labbe-006 foto-de-casamento-lorando-labbe-007 foto-de-casamento-lorando-labbe-002 foto-de-casamento-lorando-labbe-001 Clique aqui para rolar a p\u00e1gina abaixo<\/p>\n","protected":false},"author":1,"featured_media":8823,"parent":0,"menu_order":0,"comment_status":"closed","ping_status":"closed","template":"elementor_header_footer","meta":{"_monsterinsights_skip_tracking":false,"_monsterinsights_sitenote_active":false,"_monsterinsights_sitenote_note":"","_monsterinsights_sitenote_category":0,"footnotes":""},"class_list":["post-8279","page","type-page","status-publish","has-post-thumbnail"],"yoast_head":"<!-- This site is optimized with the Yoast SEO plugin v25.3 - https:\/\/yoast.com\/wordpress\/plugins\/seo\/ -->\n<title>Fot\u00f3grafo de Casamento - Lorando Labbe - Fot\u00f3grafo de Casamento RJ - Lorando Labbe<\/title>\n<meta name=\"robots\" content=\"index, follow, max-snippet:-1, max-image-preview:large, max-video-preview:-1\" \/>\n<link rel=\"canonical\" href=\"https:\/\/lorando.com.br\/fotodecasamento\/\" \/>\n<meta property=\"og:locale\" content=\"pt_BR\" \/>\n<meta property=\"og:type\" content=\"article\" \/>\n<meta property=\"og:title\" content=\"Fot\u00f3grafo de Casamento - Lorando Labbe - Fot\u00f3grafo de Casamento RJ - Lorando Labbe\" \/>\n<meta property=\"og:description\" content=\"foto-de-casamento-lorando-labbe-003 foto-de-casamento-lorando-labbe-005 foto-de-casamento-lorando-labbe-004 foto-de-casamento-lorando-labbe-006 foto-de-casamento-lorando-labbe-007 foto-de-casamento-lorando-labbe-002 foto-de-casamento-lorando-labbe-001 Clique aqui para rolar a p\u00e1gina abaixo\" \/>\n<meta property=\"og:url\" content=\"https:\/\/lorando.com.br\/fotodecasamento\/\" \/>\n<meta property=\"og:site_name\" content=\"Fot\u00f3grafo de Casamento RJ - Lorando Labbe\" \/>\n<meta property=\"article:publisher\" content=\"https:\/\/www.facebook.com\/LorandoLabbe\" \/>\n<meta property=\"article:modified_time\" content=\"2020-08-20T00:23:28+00:00\" \/>\n<meta property=\"og:image\" content=\"https:\/\/lorando.com.br\/fotodecasamento\/wp-content\/uploads\/sites\/2\/2020\/08\/Lorando-Faixa-Logo-2020.jpg\" \/>\n\t<meta property=\"og:image:width\" content=\"851\" \/>\n\t<meta property=\"og:image:height\" content=\"340\" \/>\n\t<meta property=\"og:image:type\" content=\"image\/jpeg\" \/>\n<meta name=\"twitter:card\" content=\"summary_large_image\" \/>\n<script type=\"application\/ld+json\" class=\"yoast-schema-graph\">{\"@context\":\"https:\/\/schema.org\",\"@graph\":[{\"@type\":\"WebPage\",\"@id\":\"https:\/\/lorando.com.br\/fotodecasamento\/\",\"url\":\"https:\/\/lorando.com.br\/fotodecasamento\/\",\"name\":\"Fot\u00f3grafo de Casamento - Lorando Labbe - Fot\u00f3grafo de Casamento RJ - Lorando Labbe\",\"isPartOf\":{\"@id\":\"https:\/\/lorando.com.br\/fotodecasamento\/#website\"},\"primaryImageOfPage\":{\"@id\":\"https:\/\/lorando.com.br\/fotodecasamento\/#primaryimage\"},\"image\":{\"@id\":\"https:\/\/lorando.com.br\/fotodecasamento\/#primaryimage\"},\"thumbnailUrl\":\"https:\/\/lorando.com.br\/fotodecasamento\/wp-content\/uploads\/sites\/2\/2020\/08\/Lorando-Faixa-Logo-2020.jpg\",\"datePublished\":\"2019-10-08T21:19:44+00:00\",\"dateModified\":\"2020-08-20T00:23:28+00:00\",\"breadcrumb\":{\"@id\":\"https:\/\/lorando.com.br\/fotodecasamento\/#breadcrumb\"},\"inLanguage\":\"pt-BR\",\"potentialAction\":[{\"@type\":\"ReadAction\",\"target\":[\"https:\/\/lorando.com.br\/fotodecasamento\/\"]}]},{\"@type\":\"ImageObject\",\"inLanguage\":\"pt-BR\",\"@id\":\"https:\/\/lorando.com.br\/fotodecasamento\/#primaryimage\",\"url\":\"https:\/\/lorando.com.br\/fotodecasamento\/wp-content\/uploads\/sites\/2\/2020\/08\/Lorando-Faixa-Logo-2020.jpg\",\"contentUrl\":\"https:\/\/lorando.com.br\/fotodecasamento\/wp-content\/uploads\/sites\/2\/2020\/08\/Lorando-Faixa-Logo-2020.jpg\",\"width\":851,\"height\":340},{\"@type\":\"BreadcrumbList\",\"@id\":\"https:\/\/lorando.com.br\/fotodecasamento\/#breadcrumb\",\"itemListElement\":[{\"@type\":\"ListItem\",\"position\":1,\"name\":\"In\u00edcio\",\"item\":\"https:\/\/lorando.com.br\/fotodecasamento\/\"},{\"@type\":\"ListItem\",\"position\":2,\"name\":\"Fot\u00f3grafo de Casamento &#8211; Lorando Labbe\"}]},{\"@type\":\"WebSite\",\"@id\":\"https:\/\/lorando.com.br\/fotodecasamento\/#website\",\"url\":\"https:\/\/lorando.com.br\/fotodecasamento\/\",\"name\":\"Fot\u00f3grafo de Casamento RJ - Lorando Labbe\",\"description\":\"S\u00f3 mais um site Lorando Labbe - Fot\u00f3grafo RJ - Websites\",\"publisher\":{\"@id\":\"https:\/\/lorando.com.br\/fotodecasamento\/#organization\"},\"potentialAction\":[{\"@type\":\"SearchAction\",\"target\":{\"@type\":\"EntryPoint\",\"urlTemplate\":\"https:\/\/lorando.com.br\/fotodecasamento\/?s={search_term_string}\"},\"query-input\":{\"@type\":\"PropertyValueSpecification\",\"valueRequired\":true,\"valueName\":\"search_term_string\"}}],\"inLanguage\":\"pt-BR\"},{\"@type\":\"Organization\",\"@id\":\"https:\/\/lorando.com.br\/fotodecasamento\/#organization\",\"name\":\"Fot\u00f3grafo de Casamento RJ - Lorando Labbe\",\"url\":\"https:\/\/lorando.com.br\/fotodecasamento\/\",\"logo\":{\"@type\":\"ImageObject\",\"inLanguage\":\"pt-BR\",\"@id\":\"https:\/\/lorando.com.br\/fotodecasamento\/#\/schema\/logo\/image\/\",\"url\":\"https:\/\/lorando.com.br\/fotodecasamento\/wp-content\/uploads\/sites\/2\/2020\/08\/cropped-Logo-Site-Retangular-01.png\",\"contentUrl\":\"https:\/\/lorando.com.br\/fotodecasamento\/wp-content\/uploads\/sites\/2\/2020\/08\/cropped-Logo-Site-Retangular-01.png\",\"width\":1140,\"height\":423,\"caption\":\"Fot\u00f3grafo de Casamento RJ - Lorando Labbe\"},\"image\":{\"@id\":\"https:\/\/lorando.com.br\/fotodecasamento\/#\/schema\/logo\/image\/\"},\"sameAs\":[\"https:\/\/www.facebook.com\/LorandoLabbe\",\"https:\/\/www.instagram.com\/lorando.fotodecasamento\/\"]}]}<\/script>\n<!-- \/ Yoast SEO plugin. -->","yoast_head_json":{"title":"Fot\u00f3grafo de Casamento - Lorando Labbe - Fot\u00f3grafo de Casamento RJ - Lorando Labbe","robots":{"index":"index","follow":"follow","max-snippet":"max-snippet:-1","max-image-preview":"max-image-preview:large","max-video-preview":"max-video-preview:-1"},"canonical":"https:\/\/lorando.com.br\/fotodecasamento\/","og_locale":"pt_BR","og_type":"article","og_title":"Fot\u00f3grafo de Casamento - Lorando Labbe - Fot\u00f3grafo de Casamento RJ - Lorando Labbe","og_description":"foto-de-casamento-lorando-labbe-003 foto-de-casamento-lorando-labbe-005 foto-de-casamento-lorando-labbe-004 foto-de-casamento-lorando-labbe-006 foto-de-casamento-lorando-labbe-007 foto-de-casamento-lorando-labbe-002 foto-de-casamento-lorando-labbe-001 Clique aqui para rolar a p\u00e1gina abaixo","og_url":"https:\/\/lorando.com.br\/fotodecasamento\/","og_site_name":"Fot\u00f3grafo de Casamento RJ - Lorando Labbe","article_publisher":"https:\/\/www.facebook.com\/LorandoLabbe","article_modified_time":"2020-08-20T00:23:28+00:00","og_image":[{"width":851,"height":340,"url":"https:\/\/lorando.com.br\/fotodecasamento\/wp-content\/uploads\/sites\/2\/2020\/08\/Lorando-Faixa-Logo-2020.jpg","type":"image\/jpeg"}],"twitter_card":"summary_large_image","schema":{"@context":"https:\/\/schema.org","@graph":[{"@type":"WebPage","@id":"https:\/\/lorando.com.br\/fotodecasamento\/","url":"https:\/\/lorando.com.br\/fotodecasamento\/","name":"Fot\u00f3grafo de Casamento - Lorando Labbe - Fot\u00f3grafo de Casamento RJ - Lorando Labbe","isPartOf":{"@id":"https:\/\/lorando.com.br\/fotodecasamento\/#website"},"primaryImageOfPage":{"@id":"https:\/\/lorando.com.br\/fotodecasamento\/#primaryimage"},"image":{"@id":"https:\/\/lorando.com.br\/fotodecasamento\/#primaryimage"},"thumbnailUrl":"https:\/\/lorando.com.br\/fotodecasamento\/wp-content\/uploads\/sites\/2\/2020\/08\/Lorando-Faixa-Logo-2020.jpg","datePublished":"2019-10-08T21:19:44+00:00","dateModified":"2020-08-20T00:23:28+00:00","breadcrumb":{"@id":"https:\/\/lorando.com.br\/fotodecasamento\/#breadcrumb"},"inLanguage":"pt-BR","potentialAction":[{"@type":"ReadAction","target":["https:\/\/lorando.com.br\/fotodecasamento\/"]}]},{"@type":"ImageObject","inLanguage":"pt-BR","@id":"https:\/\/lorando.com.br\/fotodecasamento\/#primaryimage","url":"https:\/\/lorando.com.br\/fotodecasamento\/wp-content\/uploads\/sites\/2\/2020\/08\/Lorando-Faixa-Logo-2020.jpg","contentUrl":"https:\/\/lorando.com.br\/fotodecasamento\/wp-content\/uploads\/sites\/2\/2020\/08\/Lorando-Faixa-Logo-2020.jpg","width":851,"height":340},{"@type":"BreadcrumbList","@id":"https:\/\/lorando.com.br\/fotodecasamento\/#breadcrumb","itemListElement":[{"@type":"ListItem","position":1,"name":"In\u00edcio","item":"https:\/\/lorando.com.br\/fotodecasamento\/"},{"@type":"ListItem","position":2,"name":"Fot\u00f3grafo de Casamento &#8211; Lorando Labbe"}]},{"@type":"WebSite","@id":"https:\/\/lorando.com.br\/fotodecasamento\/#website","url":"https:\/\/lorando.com.br\/fotodecasamento\/","name":"Fot\u00f3grafo de Casamento RJ - Lorando Labbe","description":"S\u00f3 mais um site Lorando Labbe - Fot\u00f3grafo RJ - Websites","publisher":{"@id":"https:\/\/lorando.com.br\/fotodecasamento\/#organization"},"potentialAction":[{"@type":"SearchAction","target":{"@type":"EntryPoint","urlTemplate":"https:\/\/lorando.com.br\/fotodecasamento\/?s={search_term_string}"},"query-input":{"@type":"PropertyValueSpecification","valueRequired":true,"valueName":"search_term_string"}}],"inLanguage":"pt-BR"},{"@type":"Organization","@id":"https:\/\/lorando.com.br\/fotodecasamento\/#organization","name":"Fot\u00f3grafo de Casamento RJ - Lorando Labbe","url":"https:\/\/lorando.com.br\/fotodecasamento\/","logo":{"@type":"ImageObject","inLanguage":"pt-BR","@id":"https:\/\/lorando.com.br\/fotodecasamento\/#\/schema\/logo\/image\/","url":"https:\/\/lorando.com.br\/fotodecasamento\/wp-content\/uploads\/sites\/2\/2020\/08\/cropped-Logo-Site-Retangular-01.png","contentUrl":"https:\/\/lorando.com.br\/fotodecasamento\/wp-content\/uploads\/sites\/2\/2020\/08\/cropped-Logo-Site-Retangular-01.png","width":1140,"height":423,"caption":"Fot\u00f3grafo de Casamento RJ - Lorando Labbe"},"image":{"@id":"https:\/\/lorando.com.br\/fotodecasamento\/#\/schema\/logo\/image\/"},"sameAs":["https:\/\/www.facebook.com\/LorandoLabbe","https:\/\/www.instagram.com\/lorando.fotodecasamento\/"]}]}},"_links":{"self":[{"href":"https:\/\/lorando.com.br\/fotodecasamento\/wp-json\/wp\/v2\/pages\/8279","targetHints":{"allow":["GET"]}}],"collection":[{"href":"https:\/\/lorando.com.br\/fotodecasamento\/wp-json\/wp\/v2\/pages"}],"about":[{"href":"https:\/\/lorando.com.br\/fotodecasamento\/wp-json\/wp\/v2\/types\/page"}],"author":[{"embeddable":true,"href":"https:\/\/lorando.com.br\/fotodecasamento\/wp-json\/wp\/v2\/users\/1"}],"replies":[{"embeddable":true,"href":"https:\/\/lorando.com.br\/fotodecasamento\/wp-json\/wp\/v2\/comments?post=8279"}],"version-history":[{"count":6,"href":"https:\/\/lorando.com.br\/fotodecasamento\/wp-json\/wp\/v2\/pages\/8279\/revisions"}],"predecessor-version":[{"id":8982,"href":"https:\/\/lorando.com.br\/fotodecasamento\/wp-json\/wp\/v2\/pages\/8279\/revisions\/8982"}],"wp:featuredmedia":[{"embeddable":true,"href":"https:\/\/lorando.com.br\/fotodecasamento\/wp-json\/wp\/v2\/media\/8823"}],"wp:attachment":[{"href":"https:\/\/lorando.com.br\/fotodecasamento\/wp-json\/wp\/v2\/media?parent=8279"}],"curies":[{"name":"wp","href":"https:\/\/api.w.org\/{rel}","templated":true}]}}