{"id":30,"date":"2019-06-11T11:45:58","date_gmt":"2019-06-11T14:45:58","guid":{"rendered":"http:\/\/teste.lorando.com.br\/fotojornalismo\/?page_id=30"},"modified":"2019-12-24T13:47:14","modified_gmt":"2019-12-24T16:47:14","slug":"fotojornalismo-lorando-labbe","status":"publish","type":"page","link":"https:\/\/lorando.com.br\/fotojornalismo\/","title":{"rendered":"Fotojornalismo &#8211; Lorando Labbe"},"content":{"rendered":"\t\t<div data-elementor-type=\"wp-page\" data-elementor-id=\"30\" class=\"elementor elementor-30\">\n\t\t\t\t\t\t<section class=\"elementor-section elementor-top-section elementor-element elementor-element-8e2bb62 elementor-section-full_width elementor-section-height-full elementor-section-height-default elementor-section-items-middle\" data-id=\"8e2bb62\" data-element_type=\"section\">\n\t\t\t\t\t\t<div class=\"elementor-container elementor-column-gap-no\">\n\t\t\t\t\t<div class=\"elementor-column elementor-col-100 elementor-top-column elementor-element elementor-element-4280233\" data-id=\"4280233\" data-element_type=\"column\">\n\t\t\t<div class=\"elementor-widget-wrap elementor-element-populated\">\n\t\t\t\t\t\t<div class=\"elementor-element elementor-element-d239563 elementor-widget elementor-widget-a13fe-slider\" data-id=\"d239563\" data-element_type=\"widget\" data-widget_type=\"a13fe-slider.default\">\n\t\t\t\t<div class=\"elementor-widget-container\">\n\t\t\t\t\t<div class=\"a13-slider-stuff\" data-autoplay=\"on\" data-transition=\"2\" data-fit_variant=\"0\" data-pattern=\"0\" data-gradient=\"on\" data-ken_burns_scale=\"120%\" data-texts=\"off\" data-title_color=\"\" data-transition_time=\"600\" data-slide_interval=\"7000\" data-thumbs=\"off\" data-thumbs_on_load=\"off\" data-socials=\"off\" data-window_high=\"off\" data-main_slider=\"off\" data-ratio=\"21\/16\">\t    <ul class=\"gallery-media-collection screen-reader-text\">\n\t\t\t\t<li class=\"gallery-item type-image subtype-jpeg\" data-id=\"568\" data-ratio_x=\"1\" data-bg_color=\"\" data-alt_attr=\"\" data-main-image=\"https:\/\/lorando.com.br\/fotojornalismo\/wp-content\/uploads\/sites\/4\/2024\/08\/Lorando-Fotojornalismo-Caetano-e-Bethania-37-Editar.jpg\" data-brick_image=\"https:\/\/lorando.com.br\/fotojornalismo\/wp-content\/uploads\/sites\/4\/2024\/08\/Lorando-Fotojornalismo-Caetano-e-Bethania-37-Editar.jpg\" data-thumb=\"https:\/\/lorando.com.br\/fotojornalismo\/wp-content\/uploads\/sites\/4\/2024\/08\/Lorando-Fotojornalismo-Caetano-e-Bethania-37-Editar-150x150.jpg\" data-link_target=\"0\">\n\t\t<a class=\"item__link\" href=\"https:\/\/lorando.com.br\/fotojornalismo\/wp-content\/uploads\/sites\/4\/2024\/08\/Lorando-Fotojornalismo-Caetano-e-Bethania-37-Editar.jpg\">Lorando-Fotojornalismo-Caetano-e-Bethania-37-Editar<\/a>\n\t\t\t\t\t<div id=\"item-desc-1\" class=\"item-desc\"><\/div>\n\t\t\t<\/li>\n\t<li class=\"gallery-item type-image subtype-jpeg\" data-id=\"486\" data-ratio_x=\"1\" data-bg_color=\"\" data-alt_attr=\"\" data-main-image=\"https:\/\/lorando.com.br\/fotojornalismo\/wp-content\/uploads\/sites\/4\/2023\/12\/Lorando-Fotojornalismo-ColdPlay-59.jpg\" data-brick_image=\"https:\/\/lorando.com.br\/fotojornalismo\/wp-content\/uploads\/sites\/4\/2023\/12\/Lorando-Fotojornalismo-ColdPlay-59.jpg\" data-thumb=\"https:\/\/lorando.com.br\/fotojornalismo\/wp-content\/uploads\/sites\/4\/2023\/12\/Lorando-Fotojornalismo-ColdPlay-59-150x150.jpg\" data-link_target=\"0\">\n\t\t<a class=\"item__link\" href=\"https:\/\/lorando.com.br\/fotojornalismo\/wp-content\/uploads\/sites\/4\/2023\/12\/Lorando-Fotojornalismo-ColdPlay-59.jpg\">Lorando-Fotojornalismo-ColdPlay-59<\/a>\n\t\t\t\t\t<div id=\"item-desc-2\" class=\"item-desc\"><\/div>\n\t\t\t<\/li>\n\t<li class=\"gallery-item type-image subtype-jpeg\" data-id=\"395\" data-ratio_x=\"1\" data-bg_color=\"\" data-alt_attr=\"\" data-main-image=\"https:\/\/lorando.com.br\/fotojornalismo\/wp-content\/uploads\/sites\/4\/2022\/10\/RiR22-D4-220.jpg\" data-brick_image=\"https:\/\/lorando.com.br\/fotojornalismo\/wp-content\/uploads\/sites\/4\/2022\/10\/RiR22-D4-220.jpg\" data-thumb=\"https:\/\/lorando.com.br\/fotojornalismo\/wp-content\/uploads\/sites\/4\/2022\/10\/RiR22-D4-220-150x150.jpg\" data-link_target=\"0\">\n\t\t<a class=\"item__link\" href=\"https:\/\/lorando.com.br\/fotojornalismo\/wp-content\/uploads\/sites\/4\/2022\/10\/RiR22-D4-220.jpg\">RiR22-D4-220<\/a>\n\t\t\t\t\t<div id=\"item-desc-3\" class=\"item-desc\">A tirolesa do Rock in Rio \u00e9 uma grande atra\u00e7\u00e3o do festival<\/div>\n\t\t\t<\/li>\n\t<li class=\"gallery-item type-image subtype-jpeg\" data-id=\"440\" data-ratio_x=\"1\" data-bg_color=\"\" data-alt_attr=\"\" data-main-image=\"https:\/\/lorando.com.br\/fotojornalismo\/wp-content\/uploads\/sites\/4\/2023\/12\/Lorando-Fotojornalismo-Carnaval-2023-Dia-18-609.jpg\" data-brick_image=\"https:\/\/lorando.com.br\/fotojornalismo\/wp-content\/uploads\/sites\/4\/2023\/12\/Lorando-Fotojornalismo-Carnaval-2023-Dia-18-609.jpg\" data-thumb=\"https:\/\/lorando.com.br\/fotojornalismo\/wp-content\/uploads\/sites\/4\/2023\/12\/Lorando-Fotojornalismo-Carnaval-2023-Dia-18-609-150x150.jpg\" data-link_target=\"0\">\n\t\t<a class=\"item__link\" href=\"https:\/\/lorando.com.br\/fotojornalismo\/wp-content\/uploads\/sites\/4\/2023\/12\/Lorando-Fotojornalismo-Carnaval-2023-Dia-18-609.jpg\">DESCRICAO DA PAUTA<\/a>\n\t\t\t\t\t<div id=\"item-desc-4\" class=\"item-desc\"><\/div>\n\t\t\t<\/li>\n\t<li class=\"gallery-item type-image subtype-jpeg\" data-id=\"342\" data-ratio_x=\"1\" data-bg_color=\"\" data-alt_attr=\"\" data-main-image=\"https:\/\/lorando.com.br\/fotojornalismo\/wp-content\/uploads\/sites\/4\/2022\/07\/Show-Roberto-Carlos-14.jpg\" data-brick_image=\"https:\/\/lorando.com.br\/fotojornalismo\/wp-content\/uploads\/sites\/4\/2022\/07\/Show-Roberto-Carlos-14.jpg\" data-thumb=\"https:\/\/lorando.com.br\/fotojornalismo\/wp-content\/uploads\/sites\/4\/2022\/07\/Show-Roberto-Carlos-14-150x150.jpg\" data-link_target=\"0\">\n\t\t<a class=\"item__link\" href=\"https:\/\/lorando.com.br\/fotojornalismo\/wp-content\/uploads\/sites\/4\/2022\/07\/Show-Roberto-Carlos-14.jpg\">Show Roberto Carlos<\/a>\n\t\t\t\t\t<div id=\"item-desc-5\" class=\"item-desc\"><\/div>\n\t\t\t<\/li>\n\t<li class=\"gallery-item type-image subtype-jpeg\" data-id=\"316\" data-ratio_x=\"1\" data-bg_color=\"\" data-alt_attr=\"\" data-main-image=\"https:\/\/lorando.com.br\/fotojornalismo\/wp-content\/uploads\/sites\/4\/2022\/06\/Lorando-Fotojornalismo-SHOW-ROUPANOVA_358.jpg\" data-brick_image=\"https:\/\/lorando.com.br\/fotojornalismo\/wp-content\/uploads\/sites\/4\/2022\/06\/Lorando-Fotojornalismo-SHOW-ROUPANOVA_358.jpg\" data-thumb=\"https:\/\/lorando.com.br\/fotojornalismo\/wp-content\/uploads\/sites\/4\/2022\/06\/Lorando-Fotojornalismo-SHOW-ROUPANOVA_358-150x150.jpg\" data-link_target=\"0\">\n\t\t<a class=\"item__link\" href=\"https:\/\/lorando.com.br\/fotojornalismo\/wp-content\/uploads\/sites\/4\/2022\/06\/Lorando-Fotojornalismo-SHOW-ROUPANOVA_358.jpg\">DESCRICAO DA PAUTA<\/a>\n\t\t\t\t\t<div id=\"item-desc-6\" class=\"item-desc\"><\/div>\n\t\t\t<\/li>\n\t<li class=\"gallery-item type-image subtype-jpeg\" data-id=\"391\" data-ratio_x=\"1\" data-bg_color=\"\" data-alt_attr=\"\" data-main-image=\"https:\/\/lorando.com.br\/fotojornalismo\/wp-content\/uploads\/sites\/4\/2022\/10\/Skate-STU-Open-Rio-2022-176.jpg\" data-brick_image=\"https:\/\/lorando.com.br\/fotojornalismo\/wp-content\/uploads\/sites\/4\/2022\/10\/Skate-STU-Open-Rio-2022-176.jpg\" data-thumb=\"https:\/\/lorando.com.br\/fotojornalismo\/wp-content\/uploads\/sites\/4\/2022\/10\/Skate-STU-Open-Rio-2022-176-150x150.jpg\" data-link_target=\"0\">\n\t\t<a class=\"item__link\" href=\"https:\/\/lorando.com.br\/fotojornalismo\/wp-content\/uploads\/sites\/4\/2022\/10\/Skate-STU-Open-Rio-2022-176.jpg\">Skate-STU-Open-Rio-2022-176<\/a>\n\t\t\t\t\t<div id=\"item-desc-7\" class=\"item-desc\"><\/div>\n\t\t\t<\/li>\n\t<li class=\"gallery-item type-image subtype-jpeg\" data-id=\"516\" data-ratio_x=\"1\" data-bg_color=\"\" data-alt_attr=\"\" data-main-image=\"https:\/\/lorando.com.br\/fotojornalismo\/wp-content\/uploads\/sites\/4\/2023\/12\/Lorando-Fotojornalismo-Show-Titas-272.jpg\" data-brick_image=\"https:\/\/lorando.com.br\/fotojornalismo\/wp-content\/uploads\/sites\/4\/2023\/12\/Lorando-Fotojornalismo-Show-Titas-272.jpg\" data-thumb=\"https:\/\/lorando.com.br\/fotojornalismo\/wp-content\/uploads\/sites\/4\/2023\/12\/Lorando-Fotojornalismo-Show-Titas-272-150x150.jpg\" data-link_target=\"0\">\n\t\t<a class=\"item__link\" href=\"https:\/\/lorando.com.br\/fotojornalismo\/wp-content\/uploads\/sites\/4\/2023\/12\/Lorando-Fotojornalismo-Show-Titas-272.jpg\">Lorando-Fotojornalismo-Show-Titas-272<\/a>\n\t\t\t\t\t<div id=\"item-desc-8\" class=\"item-desc\"><\/div>\n\t\t\t<\/li>\n\t<li class=\"gallery-item type-image subtype-jpeg\" data-id=\"410\" data-ratio_x=\"1\" data-bg_color=\"\" data-alt_attr=\"\" data-main-image=\"https:\/\/lorando.com.br\/fotojornalismo\/wp-content\/uploads\/sites\/4\/2022\/10\/Motocross-Freestyle-2022-393.jpg\" data-brick_image=\"https:\/\/lorando.com.br\/fotojornalismo\/wp-content\/uploads\/sites\/4\/2022\/10\/Motocross-Freestyle-2022-393.jpg\" data-thumb=\"https:\/\/lorando.com.br\/fotojornalismo\/wp-content\/uploads\/sites\/4\/2022\/10\/Motocross-Freestyle-2022-393-150x150.jpg\" data-link_target=\"0\">\n\t\t<a class=\"item__link\" href=\"https:\/\/lorando.com.br\/fotojornalismo\/wp-content\/uploads\/sites\/4\/2022\/10\/Motocross-Freestyle-2022-393.jpg\">Motocross-Freestyle-2022-393<\/a>\n\t\t\t\t\t<div id=\"item-desc-9\" class=\"item-desc\"><\/div>\n\t\t\t<\/li>\n\t<li class=\"gallery-item type-image subtype-jpeg\" data-id=\"392\" data-ratio_x=\"1\" data-bg_color=\"\" data-alt_attr=\"\" data-main-image=\"https:\/\/lorando.com.br\/fotojornalismo\/wp-content\/uploads\/sites\/4\/2022\/10\/Skate-STU-Open-Rio-2022-179.jpg\" data-brick_image=\"https:\/\/lorando.com.br\/fotojornalismo\/wp-content\/uploads\/sites\/4\/2022\/10\/Skate-STU-Open-Rio-2022-179.jpg\" data-thumb=\"https:\/\/lorando.com.br\/fotojornalismo\/wp-content\/uploads\/sites\/4\/2022\/10\/Skate-STU-Open-Rio-2022-179-150x150.jpg\" data-link_target=\"0\">\n\t\t<a class=\"item__link\" href=\"https:\/\/lorando.com.br\/fotojornalismo\/wp-content\/uploads\/sites\/4\/2022\/10\/Skate-STU-Open-Rio-2022-179.jpg\">Skate-STU-Open-Rio-2022-179<\/a>\n\t\t\t\t\t<div id=\"item-desc-10\" class=\"item-desc\"><\/div>\n\t\t\t<\/li>\n\t\t<\/ul>\n\t    <\/div>\t\t\t\t<\/div>\n\t\t\t\t<\/div>\n\t\t\t\t\t<\/div>\n\t\t<\/div>\n\t\t\t\t\t<\/div>\n\t\t<\/section>\n\t\t\t\t<\/div>\n\t\t","protected":false},"excerpt":{"rendered":"<p>Fotojornalismo-COB-TOQUIO-69 Fotojornalismo-COB-TOQUIO-213 Fotojornalismo-Governador-Entrega-Viaturas-12 Fotojornalismo-Manifestacao-Corte-Verba-Educacao-89 Fotojornalismo-Manifestacao-Corte-Verba-Educacao-173<\/p>\n","protected":false},"author":1,"featured_media":16,"parent":0,"menu_order":0,"comment_status":"closed","ping_status":"closed","template":"elementor_header_footer","meta":{"_monsterinsights_skip_tracking":false,"_monsterinsights_sitenote_active":false,"_monsterinsights_sitenote_note":"","_monsterinsights_sitenote_category":0,"footnotes":""},"class_list":["post-30","page","type-page","status-publish","has-post-thumbnail"],"yoast_head":"<!-- This site is optimized with the Yoast SEO plugin v25.3 - https:\/\/yoast.com\/wordpress\/plugins\/seo\/ -->\n<title>Fotojornalismo - Lorando Labbe - Fotojornalismo - Lorando Labbe<\/title>\n<meta name=\"robots\" content=\"index, follow, max-snippet:-1, max-image-preview:large, max-video-preview:-1\" \/>\n<link rel=\"canonical\" href=\"http:\/\/lorando.com.br\/fotojornalismo\/\" \/>\n<meta property=\"og:locale\" content=\"pt_BR\" \/>\n<meta property=\"og:type\" content=\"article\" \/>\n<meta property=\"og:title\" content=\"Fotojornalismo - Lorando Labbe - Fotojornalismo - Lorando Labbe\" \/>\n<meta property=\"og:description\" content=\"Fotojornalismo-COB-TOQUIO-69 Fotojornalismo-COB-TOQUIO-213 Fotojornalismo-Governador-Entrega-Viaturas-12 Fotojornalismo-Manifestacao-Corte-Verba-Educacao-89 Fotojornalismo-Manifestacao-Corte-Verba-Educacao-173\" \/>\n<meta property=\"og:url\" content=\"http:\/\/lorando.com.br\/fotojornalismo\/\" \/>\n<meta property=\"og:site_name\" content=\"Fotojornalismo - Lorando Labbe\" \/>\n<meta property=\"article:modified_time\" content=\"2019-12-24T16:47:14+00:00\" \/>\n<meta property=\"og:image\" content=\"http:\/\/lorando.com.br\/fotojornalismo\/wp-content\/uploads\/sites\/4\/2019\/12\/lorando.com_.br-cover-2019.jpg\" \/>\n\t<meta property=\"og:image:width\" content=\"1024\" \/>\n\t<meta property=\"og:image:height\" content=\"683\" \/>\n\t<meta property=\"og:image:type\" content=\"image\/jpeg\" \/>\n<meta name=\"twitter:card\" content=\"summary_large_image\" \/>\n<script type=\"application\/ld+json\" class=\"yoast-schema-graph\">{\"@context\":\"https:\/\/schema.org\",\"@graph\":[{\"@type\":\"WebPage\",\"@id\":\"http:\/\/lorando.com.br\/fotojornalismo\/\",\"url\":\"http:\/\/lorando.com.br\/fotojornalismo\/\",\"name\":\"Fotojornalismo - Lorando Labbe - Fotojornalismo - Lorando Labbe\",\"isPartOf\":{\"@id\":\"http:\/\/lorando.com.br\/fotojornalismo\/#website\"},\"primaryImageOfPage\":{\"@id\":\"http:\/\/lorando.com.br\/fotojornalismo\/#primaryimage\"},\"image\":{\"@id\":\"http:\/\/lorando.com.br\/fotojornalismo\/#primaryimage\"},\"thumbnailUrl\":\"https:\/\/lorando.com.br\/fotojornalismo\/wp-content\/uploads\/sites\/4\/2019\/12\/lorando.com_.br-cover-2019.jpg\",\"datePublished\":\"2019-06-11T14:45:58+00:00\",\"dateModified\":\"2019-12-24T16:47:14+00:00\",\"breadcrumb\":{\"@id\":\"http:\/\/lorando.com.br\/fotojornalismo\/#breadcrumb\"},\"inLanguage\":\"pt-BR\",\"potentialAction\":[{\"@type\":\"ReadAction\",\"target\":[\"http:\/\/lorando.com.br\/fotojornalismo\/\"]}]},{\"@type\":\"ImageObject\",\"inLanguage\":\"pt-BR\",\"@id\":\"http:\/\/lorando.com.br\/fotojornalismo\/#primaryimage\",\"url\":\"https:\/\/lorando.com.br\/fotojornalismo\/wp-content\/uploads\/sites\/4\/2019\/12\/lorando.com_.br-cover-2019.jpg\",\"contentUrl\":\"https:\/\/lorando.com.br\/fotojornalismo\/wp-content\/uploads\/sites\/4\/2019\/12\/lorando.com_.br-cover-2019.jpg\",\"width\":1024,\"height\":683},{\"@type\":\"BreadcrumbList\",\"@id\":\"http:\/\/lorando.com.br\/fotojornalismo\/#breadcrumb\",\"itemListElement\":[{\"@type\":\"ListItem\",\"position\":1,\"name\":\"In\u00edcio\",\"item\":\"http:\/\/lorando.com.br\/fotojornalismo\/\"},{\"@type\":\"ListItem\",\"position\":2,\"name\":\"Fotojornalismo &#8211; Lorando Labbe\"}]},{\"@type\":\"WebSite\",\"@id\":\"http:\/\/lorando.com.br\/fotojornalismo\/#website\",\"url\":\"http:\/\/lorando.com.br\/fotojornalismo\/\",\"name\":\"Fotojornalismo - Lorando Labbe\",\"description\":\"Website de trabalhos de fotojornalismo do fot\u00f3grafo carioca Lorando Labbe\",\"publisher\":{\"@id\":\"http:\/\/lorando.com.br\/fotojornalismo\/#organization\"},\"potentialAction\":[{\"@type\":\"SearchAction\",\"target\":{\"@type\":\"EntryPoint\",\"urlTemplate\":\"http:\/\/lorando.com.br\/fotojornalismo\/?s={search_term_string}\"},\"query-input\":{\"@type\":\"PropertyValueSpecification\",\"valueRequired\":true,\"valueName\":\"search_term_string\"}}],\"inLanguage\":\"pt-BR\"},{\"@type\":\"Organization\",\"@id\":\"http:\/\/lorando.com.br\/fotojornalismo\/#organization\",\"name\":\"Fotojornalismo - Lorando Labbe\",\"url\":\"http:\/\/lorando.com.br\/fotojornalismo\/\",\"logo\":{\"@type\":\"ImageObject\",\"inLanguage\":\"pt-BR\",\"@id\":\"http:\/\/lorando.com.br\/fotojornalismo\/#\/schema\/logo\/image\/\",\"url\":\"https:\/\/lorando.com.br\/fotojornalismo\/wp-content\/uploads\/sites\/4\/2020\/08\/cropped-Logo-Site-Retangular-01.png\",\"contentUrl\":\"https:\/\/lorando.com.br\/fotojornalismo\/wp-content\/uploads\/sites\/4\/2020\/08\/cropped-Logo-Site-Retangular-01.png\",\"width\":1140,\"height\":423,\"caption\":\"Fotojornalismo - Lorando Labbe\"},\"image\":{\"@id\":\"http:\/\/lorando.com.br\/fotojornalismo\/#\/schema\/logo\/image\/\"}}]}<\/script>\n<!-- \/ Yoast SEO plugin. -->","yoast_head_json":{"title":"Fotojornalismo - Lorando Labbe - Fotojornalismo - Lorando Labbe","robots":{"index":"index","follow":"follow","max-snippet":"max-snippet:-1","max-image-preview":"max-image-preview:large","max-video-preview":"max-video-preview:-1"},"canonical":"http:\/\/lorando.com.br\/fotojornalismo\/","og_locale":"pt_BR","og_type":"article","og_title":"Fotojornalismo - Lorando Labbe - Fotojornalismo - Lorando Labbe","og_description":"Fotojornalismo-COB-TOQUIO-69 Fotojornalismo-COB-TOQUIO-213 Fotojornalismo-Governador-Entrega-Viaturas-12 Fotojornalismo-Manifestacao-Corte-Verba-Educacao-89 Fotojornalismo-Manifestacao-Corte-Verba-Educacao-173","og_url":"http:\/\/lorando.com.br\/fotojornalismo\/","og_site_name":"Fotojornalismo - Lorando Labbe","article_modified_time":"2019-12-24T16:47:14+00:00","og_image":[{"width":1024,"height":683,"url":"http:\/\/lorando.com.br\/fotojornalismo\/wp-content\/uploads\/sites\/4\/2019\/12\/lorando.com_.br-cover-2019.jpg","type":"image\/jpeg"}],"twitter_card":"summary_large_image","schema":{"@context":"https:\/\/schema.org","@graph":[{"@type":"WebPage","@id":"http:\/\/lorando.com.br\/fotojornalismo\/","url":"http:\/\/lorando.com.br\/fotojornalismo\/","name":"Fotojornalismo - Lorando Labbe - Fotojornalismo - Lorando Labbe","isPartOf":{"@id":"http:\/\/lorando.com.br\/fotojornalismo\/#website"},"primaryImageOfPage":{"@id":"http:\/\/lorando.com.br\/fotojornalismo\/#primaryimage"},"image":{"@id":"http:\/\/lorando.com.br\/fotojornalismo\/#primaryimage"},"thumbnailUrl":"https:\/\/lorando.com.br\/fotojornalismo\/wp-content\/uploads\/sites\/4\/2019\/12\/lorando.com_.br-cover-2019.jpg","datePublished":"2019-06-11T14:45:58+00:00","dateModified":"2019-12-24T16:47:14+00:00","breadcrumb":{"@id":"http:\/\/lorando.com.br\/fotojornalismo\/#breadcrumb"},"inLanguage":"pt-BR","potentialAction":[{"@type":"ReadAction","target":["http:\/\/lorando.com.br\/fotojornalismo\/"]}]},{"@type":"ImageObject","inLanguage":"pt-BR","@id":"http:\/\/lorando.com.br\/fotojornalismo\/#primaryimage","url":"https:\/\/lorando.com.br\/fotojornalismo\/wp-content\/uploads\/sites\/4\/2019\/12\/lorando.com_.br-cover-2019.jpg","contentUrl":"https:\/\/lorando.com.br\/fotojornalismo\/wp-content\/uploads\/sites\/4\/2019\/12\/lorando.com_.br-cover-2019.jpg","width":1024,"height":683},{"@type":"BreadcrumbList","@id":"http:\/\/lorando.com.br\/fotojornalismo\/#breadcrumb","itemListElement":[{"@type":"ListItem","position":1,"name":"In\u00edcio","item":"http:\/\/lorando.com.br\/fotojornalismo\/"},{"@type":"ListItem","position":2,"name":"Fotojornalismo &#8211; Lorando Labbe"}]},{"@type":"WebSite","@id":"http:\/\/lorando.com.br\/fotojornalismo\/#website","url":"http:\/\/lorando.com.br\/fotojornalismo\/","name":"Fotojornalismo - Lorando Labbe","description":"Website de trabalhos de fotojornalismo do fot\u00f3grafo carioca Lorando Labbe","publisher":{"@id":"http:\/\/lorando.com.br\/fotojornalismo\/#organization"},"potentialAction":[{"@type":"SearchAction","target":{"@type":"EntryPoint","urlTemplate":"http:\/\/lorando.com.br\/fotojornalismo\/?s={search_term_string}"},"query-input":{"@type":"PropertyValueSpecification","valueRequired":true,"valueName":"search_term_string"}}],"inLanguage":"pt-BR"},{"@type":"Organization","@id":"http:\/\/lorando.com.br\/fotojornalismo\/#organization","name":"Fotojornalismo - Lorando Labbe","url":"http:\/\/lorando.com.br\/fotojornalismo\/","logo":{"@type":"ImageObject","inLanguage":"pt-BR","@id":"http:\/\/lorando.com.br\/fotojornalismo\/#\/schema\/logo\/image\/","url":"https:\/\/lorando.com.br\/fotojornalismo\/wp-content\/uploads\/sites\/4\/2020\/08\/cropped-Logo-Site-Retangular-01.png","contentUrl":"https:\/\/lorando.com.br\/fotojornalismo\/wp-content\/uploads\/sites\/4\/2020\/08\/cropped-Logo-Site-Retangular-01.png","width":1140,"height":423,"caption":"Fotojornalismo - Lorando Labbe"},"image":{"@id":"http:\/\/lorando.com.br\/fotojornalismo\/#\/schema\/logo\/image\/"}}]}},"_links":{"self":[{"href":"https:\/\/lorando.com.br\/fotojornalismo\/wp-json\/wp\/v2\/pages\/30","targetHints":{"allow":["GET"]}}],"collection":[{"href":"https:\/\/lorando.com.br\/fotojornalismo\/wp-json\/wp\/v2\/pages"}],"about":[{"href":"https:\/\/lorando.com.br\/fotojornalismo\/wp-json\/wp\/v2\/types\/page"}],"author":[{"embeddable":true,"href":"https:\/\/lorando.com.br\/fotojornalismo\/wp-json\/wp\/v2\/users\/1"}],"replies":[{"embeddable":true,"href":"https:\/\/lorando.com.br\/fotojornalismo\/wp-json\/wp\/v2\/comments?post=30"}],"version-history":[{"count":3,"href":"https:\/\/lorando.com.br\/fotojornalismo\/wp-json\/wp\/v2\/pages\/30\/revisions"}],"predecessor-version":[{"id":99,"href":"https:\/\/lorando.com.br\/fotojornalismo\/wp-json\/wp\/v2\/pages\/30\/revisions\/99"}],"wp:featuredmedia":[{"embeddable":true,"href":"https:\/\/lorando.com.br\/fotojornalismo\/wp-json\/wp\/v2\/media\/16"}],"wp:attachment":[{"href":"https:\/\/lorando.com.br\/fotojornalismo\/wp-json\/wp\/v2\/media?parent=30"}],"curies":[{"name":"wp","href":"https:\/\/api.w.org\/{rel}","templated":true}]}}