{"id":53,"date":"2019-08-14T18:52:30","date_gmt":"2019-08-14T21:52:30","guid":{"rendered":"http:\/\/teste.lorando.com.br\/fotojornalismo\/?page_id=53"},"modified":"2020-09-03T23:58:27","modified_gmt":"2020-09-04T02:58:27","slug":"copyright","status":"publish","type":"page","link":"https:\/\/lorando.com.br\/fotojornalismo\/copyright\/","title":{"rendered":"Copyright"},"content":{"rendered":"\n<p class=\"has-medium-font-size\"><br><strong>Copyright \u00a9 2008- Lorando Labbe. Todos os Direitos Reservados.<\/strong> <\/p>\n\n\n\n<div class=\"wp-block-image\"><figure class=\"alignleft size-large is-resized\"><img decoding=\"async\" data-src=\"http:\/\/teste.lorando.com.br\/fotojornalismo\/wp-content\/uploads\/sites\/4\/2019\/12\/lorando-labbe-copyright.jpg\" alt=\"\" class=\"wp-image-102 lazyload\" width=\"242\" height=\"129\" src=\"data:image\/gif;base64,R0lGODlhAQABAAAAACH5BAEKAAEALAAAAAABAAEAAAICTAEAOw==\" style=\"--smush-placeholder-width: 242px; --smush-placeholder-aspect-ratio: 242\/129;\" \/><\/figure><\/div>\n\n\n\n<p> Todos os textos, imagens, gr\u00e1ficos, anima\u00e7\u00f5es, v\u00eddeos e outros materiais   s\u00e3o protegidos por direitos autorais e outros direitos de propriedade   intelectual pertencentes \u00e0 <strong>Lorando Labbe<\/strong> conforme <strong>Lei No. 9.610<\/strong>, de 19 de Fevereiro de 1998.  <\/p>\n\n\n\n<p> \u00c9 expressamente vedada a c\u00f3pia ou reprodu\u00e7\u00e3o destes materiais para uso   ou distribui\u00e7\u00e3o comercial, a modifica\u00e7\u00e3o destes materiais, sua inclus\u00e3o   em outros websites e o seu envio e publica\u00e7\u00e3o em outros meios digitais e   f\u00edsicos, ou de qualquer outra forma dispor de tais materiais sem a   devida autoriza\u00e7\u00e3o pr\u00e9via do autor, estando sujeito \u00e0s responsabilidades e san\u00e7\u00f5es   legais.  <\/p>\n","protected":false},"excerpt":{"rendered":"<p>Copyright \u00a9 2008- Lorando Labbe. Todos os Direitos Reservados. Todos os textos, imagens, gr\u00e1ficos, anima\u00e7\u00f5es, v\u00eddeos e outros materiais s\u00e3o protegidos por direitos autorais e outros direitos&hellip;<\/p>\n<p> <a class=\"more-link\" href=\"https:\/\/lorando.com.br\/fotojornalismo\/copyright\/\">Leia mais<\/a><\/p>\n","protected":false},"author":1,"featured_media":0,"parent":0,"menu_order":0,"comment_status":"closed","ping_status":"closed","template":"","meta":{"_monsterinsights_skip_tracking":false,"_monsterinsights_sitenote_active":false,"_monsterinsights_sitenote_note":"","_monsterinsights_sitenote_category":0,"footnotes":""},"class_list":["post-53","page","type-page","status-publish"],"yoast_head":"<!-- This site is optimized with the Yoast SEO plugin v25.3 - https:\/\/yoast.com\/wordpress\/plugins\/seo\/ -->\n<title>Copyright - Fotojornalismo - Lorando Labbe<\/title>\n<meta name=\"robots\" content=\"index, follow, max-snippet:-1, max-image-preview:large, max-video-preview:-1\" \/>\n<link rel=\"canonical\" href=\"http:\/\/lorando.com.br\/fotojornalismo\/copyright\/\" \/>\n<meta property=\"og:locale\" content=\"pt_BR\" \/>\n<meta property=\"og:type\" content=\"article\" \/>\n<meta property=\"og:title\" content=\"Copyright - Fotojornalismo - Lorando Labbe\" \/>\n<meta property=\"og:description\" content=\"Copyright \u00a9 2008- Lorando Labbe. Todos os Direitos Reservados. Todos os textos, imagens, gr\u00e1ficos, anima\u00e7\u00f5es, v\u00eddeos e outros materiais s\u00e3o protegidos por direitos autorais e outros direitos&hellip;  Leia mais\" \/>\n<meta property=\"og:url\" content=\"http:\/\/lorando.com.br\/fotojornalismo\/copyright\/\" \/>\n<meta property=\"og:site_name\" content=\"Fotojornalismo - Lorando Labbe\" \/>\n<meta property=\"article:modified_time\" content=\"2020-09-04T02:58:27+00:00\" \/>\n<meta property=\"og:image\" content=\"http:\/\/teste.lorando.com.br\/fotojornalismo\/wp-content\/uploads\/sites\/4\/2019\/12\/lorando-labbe-copyright.jpg\" \/>\n<meta name=\"twitter:card\" content=\"summary_large_image\" \/>\n<meta name=\"twitter:label1\" content=\"Est. tempo de leitura\" \/>\n\t<meta name=\"twitter:data1\" content=\"1 minuto\" \/>\n<script type=\"application\/ld+json\" class=\"yoast-schema-graph\">{\"@context\":\"https:\/\/schema.org\",\"@graph\":[{\"@type\":\"WebPage\",\"@id\":\"http:\/\/lorando.com.br\/fotojornalismo\/copyright\/\",\"url\":\"http:\/\/lorando.com.br\/fotojornalismo\/copyright\/\",\"name\":\"Copyright - Fotojornalismo - Lorando Labbe\",\"isPartOf\":{\"@id\":\"http:\/\/lorando.com.br\/fotojornalismo\/#website\"},\"primaryImageOfPage\":{\"@id\":\"http:\/\/lorando.com.br\/fotojornalismo\/copyright\/#primaryimage\"},\"image\":{\"@id\":\"http:\/\/lorando.com.br\/fotojornalismo\/copyright\/#primaryimage\"},\"thumbnailUrl\":\"http:\/\/teste.lorando.com.br\/fotojornalismo\/wp-content\/uploads\/sites\/4\/2019\/12\/lorando-labbe-copyright.jpg\",\"datePublished\":\"2019-08-14T21:52:30+00:00\",\"dateModified\":\"2020-09-04T02:58:27+00:00\",\"breadcrumb\":{\"@id\":\"http:\/\/lorando.com.br\/fotojornalismo\/copyright\/#breadcrumb\"},\"inLanguage\":\"pt-BR\",\"potentialAction\":[{\"@type\":\"ReadAction\",\"target\":[\"http:\/\/lorando.com.br\/fotojornalismo\/copyright\/\"]}]},{\"@type\":\"ImageObject\",\"inLanguage\":\"pt-BR\",\"@id\":\"http:\/\/lorando.com.br\/fotojornalismo\/copyright\/#primaryimage\",\"url\":\"http:\/\/teste.lorando.com.br\/fotojornalismo\/wp-content\/uploads\/sites\/4\/2019\/12\/lorando-labbe-copyright.jpg\",\"contentUrl\":\"http:\/\/teste.lorando.com.br\/fotojornalismo\/wp-content\/uploads\/sites\/4\/2019\/12\/lorando-labbe-copyright.jpg\"},{\"@type\":\"BreadcrumbList\",\"@id\":\"http:\/\/lorando.com.br\/fotojornalismo\/copyright\/#breadcrumb\",\"itemListElement\":[{\"@type\":\"ListItem\",\"position\":1,\"name\":\"In\u00edcio\",\"item\":\"http:\/\/lorando.com.br\/fotojornalismo\/\"},{\"@type\":\"ListItem\",\"position\":2,\"name\":\"Copyright\"}]},{\"@type\":\"WebSite\",\"@id\":\"http:\/\/lorando.com.br\/fotojornalismo\/#website\",\"url\":\"http:\/\/lorando.com.br\/fotojornalismo\/\",\"name\":\"Fotojornalismo - Lorando Labbe\",\"description\":\"Website de trabalhos de fotojornalismo do fot\u00f3grafo carioca Lorando Labbe\",\"publisher\":{\"@id\":\"http:\/\/lorando.com.br\/fotojornalismo\/#organization\"},\"potentialAction\":[{\"@type\":\"SearchAction\",\"target\":{\"@type\":\"EntryPoint\",\"urlTemplate\":\"http:\/\/lorando.com.br\/fotojornalismo\/?s={search_term_string}\"},\"query-input\":{\"@type\":\"PropertyValueSpecification\",\"valueRequired\":true,\"valueName\":\"search_term_string\"}}],\"inLanguage\":\"pt-BR\"},{\"@type\":\"Organization\",\"@id\":\"http:\/\/lorando.com.br\/fotojornalismo\/#organization\",\"name\":\"Fotojornalismo - Lorando Labbe\",\"url\":\"http:\/\/lorando.com.br\/fotojornalismo\/\",\"logo\":{\"@type\":\"ImageObject\",\"inLanguage\":\"pt-BR\",\"@id\":\"http:\/\/lorando.com.br\/fotojornalismo\/#\/schema\/logo\/image\/\",\"url\":\"https:\/\/lorando.com.br\/fotojornalismo\/wp-content\/uploads\/sites\/4\/2020\/08\/cropped-Logo-Site-Retangular-01.png\",\"contentUrl\":\"https:\/\/lorando.com.br\/fotojornalismo\/wp-content\/uploads\/sites\/4\/2020\/08\/cropped-Logo-Site-Retangular-01.png\",\"width\":1140,\"height\":423,\"caption\":\"Fotojornalismo - Lorando Labbe\"},\"image\":{\"@id\":\"http:\/\/lorando.com.br\/fotojornalismo\/#\/schema\/logo\/image\/\"}}]}<\/script>\n<!-- \/ Yoast SEO plugin. -->","yoast_head_json":{"title":"Copyright - Fotojornalismo - Lorando Labbe","robots":{"index":"index","follow":"follow","max-snippet":"max-snippet:-1","max-image-preview":"max-image-preview:large","max-video-preview":"max-video-preview:-1"},"canonical":"http:\/\/lorando.com.br\/fotojornalismo\/copyright\/","og_locale":"pt_BR","og_type":"article","og_title":"Copyright - Fotojornalismo - Lorando Labbe","og_description":"Copyright \u00a9 2008- Lorando Labbe. Todos os Direitos Reservados. Todos os textos, imagens, gr\u00e1ficos, anima\u00e7\u00f5es, v\u00eddeos e outros materiais s\u00e3o protegidos por direitos autorais e outros direitos&hellip;  Leia mais","og_url":"http:\/\/lorando.com.br\/fotojornalismo\/copyright\/","og_site_name":"Fotojornalismo - Lorando Labbe","article_modified_time":"2020-09-04T02:58:27+00:00","og_image":[{"url":"http:\/\/teste.lorando.com.br\/fotojornalismo\/wp-content\/uploads\/sites\/4\/2019\/12\/lorando-labbe-copyright.jpg","type":"","width":"","height":""}],"twitter_card":"summary_large_image","twitter_misc":{"Est. tempo de leitura":"1 minuto"},"schema":{"@context":"https:\/\/schema.org","@graph":[{"@type":"WebPage","@id":"http:\/\/lorando.com.br\/fotojornalismo\/copyright\/","url":"http:\/\/lorando.com.br\/fotojornalismo\/copyright\/","name":"Copyright - Fotojornalismo - Lorando Labbe","isPartOf":{"@id":"http:\/\/lorando.com.br\/fotojornalismo\/#website"},"primaryImageOfPage":{"@id":"http:\/\/lorando.com.br\/fotojornalismo\/copyright\/#primaryimage"},"image":{"@id":"http:\/\/lorando.com.br\/fotojornalismo\/copyright\/#primaryimage"},"thumbnailUrl":"http:\/\/teste.lorando.com.br\/fotojornalismo\/wp-content\/uploads\/sites\/4\/2019\/12\/lorando-labbe-copyright.jpg","datePublished":"2019-08-14T21:52:30+00:00","dateModified":"2020-09-04T02:58:27+00:00","breadcrumb":{"@id":"http:\/\/lorando.com.br\/fotojornalismo\/copyright\/#breadcrumb"},"inLanguage":"pt-BR","potentialAction":[{"@type":"ReadAction","target":["http:\/\/lorando.com.br\/fotojornalismo\/copyright\/"]}]},{"@type":"ImageObject","inLanguage":"pt-BR","@id":"http:\/\/lorando.com.br\/fotojornalismo\/copyright\/#primaryimage","url":"http:\/\/teste.lorando.com.br\/fotojornalismo\/wp-content\/uploads\/sites\/4\/2019\/12\/lorando-labbe-copyright.jpg","contentUrl":"http:\/\/teste.lorando.com.br\/fotojornalismo\/wp-content\/uploads\/sites\/4\/2019\/12\/lorando-labbe-copyright.jpg"},{"@type":"BreadcrumbList","@id":"http:\/\/lorando.com.br\/fotojornalismo\/copyright\/#breadcrumb","itemListElement":[{"@type":"ListItem","position":1,"name":"In\u00edcio","item":"http:\/\/lorando.com.br\/fotojornalismo\/"},{"@type":"ListItem","position":2,"name":"Copyright"}]},{"@type":"WebSite","@id":"http:\/\/lorando.com.br\/fotojornalismo\/#website","url":"http:\/\/lorando.com.br\/fotojornalismo\/","name":"Fotojornalismo - Lorando Labbe","description":"Website de trabalhos de fotojornalismo do fot\u00f3grafo carioca Lorando Labbe","publisher":{"@id":"http:\/\/lorando.com.br\/fotojornalismo\/#organization"},"potentialAction":[{"@type":"SearchAction","target":{"@type":"EntryPoint","urlTemplate":"http:\/\/lorando.com.br\/fotojornalismo\/?s={search_term_string}"},"query-input":{"@type":"PropertyValueSpecification","valueRequired":true,"valueName":"search_term_string"}}],"inLanguage":"pt-BR"},{"@type":"Organization","@id":"http:\/\/lorando.com.br\/fotojornalismo\/#organization","name":"Fotojornalismo - Lorando Labbe","url":"http:\/\/lorando.com.br\/fotojornalismo\/","logo":{"@type":"ImageObject","inLanguage":"pt-BR","@id":"http:\/\/lorando.com.br\/fotojornalismo\/#\/schema\/logo\/image\/","url":"https:\/\/lorando.com.br\/fotojornalismo\/wp-content\/uploads\/sites\/4\/2020\/08\/cropped-Logo-Site-Retangular-01.png","contentUrl":"https:\/\/lorando.com.br\/fotojornalismo\/wp-content\/uploads\/sites\/4\/2020\/08\/cropped-Logo-Site-Retangular-01.png","width":1140,"height":423,"caption":"Fotojornalismo - Lorando Labbe"},"image":{"@id":"http:\/\/lorando.com.br\/fotojornalismo\/#\/schema\/logo\/image\/"}}]}},"_links":{"self":[{"href":"https:\/\/lorando.com.br\/fotojornalismo\/wp-json\/wp\/v2\/pages\/53","targetHints":{"allow":["GET"]}}],"collection":[{"href":"https:\/\/lorando.com.br\/fotojornalismo\/wp-json\/wp\/v2\/pages"}],"about":[{"href":"https:\/\/lorando.com.br\/fotojornalismo\/wp-json\/wp\/v2\/types\/page"}],"author":[{"embeddable":true,"href":"https:\/\/lorando.com.br\/fotojornalismo\/wp-json\/wp\/v2\/users\/1"}],"replies":[{"embeddable":true,"href":"https:\/\/lorando.com.br\/fotojornalismo\/wp-json\/wp\/v2\/comments?post=53"}],"version-history":[{"count":1,"href":"https:\/\/lorando.com.br\/fotojornalismo\/wp-json\/wp\/v2\/pages\/53\/revisions"}],"predecessor-version":[{"id":256,"href":"https:\/\/lorando.com.br\/fotojornalismo\/wp-json\/wp\/v2\/pages\/53\/revisions\/256"}],"wp:attachment":[{"href":"https:\/\/lorando.com.br\/fotojornalismo\/wp-json\/wp\/v2\/media?parent=53"}],"curies":[{"name":"wp","href":"https:\/\/api.w.org\/{rel}","templated":true}]}}